{"id":1145,"date":"2017-09-11T02:46:38","date_gmt":"2017-09-11T00:46:38","guid":{"rendered":"https:\/\/omjuicers.ch\/?post_type=product&#038;p=1145"},"modified":"2026-05-15T16:03:56","modified_gmt":"2026-05-15T14:03:56","slug":"extracteur-sana-euj-707","status":"publish","type":"product","link":"https:\/\/omjuicers.fr\/fr\/product\/extracteur-sana-euj-707\/","title":{"rendered":"Extracteur de jus Sana 707"},"content":{"rendered":"<p>L&rsquo;entreprise europ\u00e9enne SANA PRODUCTS, en partenariat avec le fabricant traditionnel des extracteurs Omega, ont con\u00e7u un extracteur en mariant le design, la fonctionnalit\u00e9 et l\u2019utilisation pratique. L\u2019extracteur \u00e0 vis Sana 707 est le premier appareil horizontal fabriqu\u00e9 \u00e0 partir de mat\u00e9riau plastiques sans Bisph\u00e9nols (100% sans BPA et BPS).<\/p>\n<p><img fetchpriority=\"high\" decoding=\"async\" class=\"size-medium wp-image-1108 alignright\" src=\"https:\/\/mlsfuhg7sobs.i.optimole.com\/cb:0KLq.257c9\/w:auto\/h:auto\/q:mauto\/f:best\/https:\/\/omjuicers.ch\/wp-content\/uploads\/2020\/04\/back-3.jpg\" alt=\"\" width=\"300\" height=\"191\" \/>Vous appr\u00e9cierez tout particuli\u00e8rement le grand goulot de remplissage (40 x 45 mm) qui acc\u00e9l\u00e8re le processus de pr\u00e9paration ainsi que le processus d\u2019extraction de jus. La nouveaut\u00e9 consiste dans l&rsquo;utilisation optionnelle de tamis grossier pour extraire le jus de fruits \u00e0 chair molle. La forme arrondie du corps de l&rsquo;appareil et l\u2019emplacement de l&rsquo;interrupteur sur le c\u00f4t\u00e9 assurent qu&rsquo;aucune infiltration de jus dans les coins difficiles \u00e0 nettoyer ne se produise, comme c&rsquo;est le cas avec d&rsquo;autres appareils.<\/p>\n<p>Le coffret comprend un pichet \u00e0 jus en verre et un bac \u00e0 pulpe en inox, ce qui est appr\u00e9ciable surtout pour ceux qui pr\u00e9f\u00e8rent \u00e9viter les r\u00e9cipients en plastique. L\u2019extracteur Sana 707 offre un fonctionnement fiable et sans probl\u00e8me et un entretien facile.<\/p>\n<h3>Une qualit\u00e9 exceptionnelle<\/h3>\n<p><img fetchpriority=\"high\" decoding=\"async\" class=\"size-medium wp-image-1110 alignleft\" src=\"https:\/\/mlsfuhg7sobs.i.optimole.com\/cb:0KLq.257c9\/w:auto\/h:auto\/q:mauto\/f:best\/https:\/\/omjuicers.ch\/wp-content\/uploads\/2020\/04\/containers-1.jpg\" alt=\"\" width=\"300\" height=\"177\" \/>L\u2019extracteur de jus horizontal \u00e0 vis Sana 707 est \u00e9quip\u00e9 d&rsquo;un moteur de qualit\u00e9 qui ne tourne qu\u2019\u00e0 70 tours par minute. Cette m\u00e9thode douce d\u2019expression des fruits et l\u00e9gumes assure qu&rsquo;il n&rsquo;y a pas de perte de vitamines, min\u00e9raux et enzymes comme c&rsquo;est le cas des centrifugeuses \u00e0 haute vitesse. L\u2019appareil Sana utilise un tamis de jus en deux \u00e9tapes assurant ainsi un rendement maximal. Il peut extraire le jus de tous les fruits et l\u00e9gumes courants, mais \u00e9galement des fruits r\u00e9put\u00e9s plus difficiles comme la groseille, l&rsquo;ananas et le c\u00e9leri.<\/p>\n<p>L\u2019extracteur est fait de mat\u00e9riaux sans Bisph\u00e9nols qui n&rsquo;ont pas, contrairement \u00e0 d\u2018autres mati\u00e8res plastiques, d\u2019effets n\u00e9gatifs sur le fonctionnement du syst\u00e8me immunitaire humain. Entre autres avantages on compte un excellent rendement de jus de haute qualit\u00e9 riche en fibres solubles, plus digestes, une large goulotte de remplissage, un tamis grossier en option, un pichet \u00e0 jus en verre, un bac \u00e0 pulpe en inox, des patins de stabilisation, fonctionnement ultra-silencieux et, un design intemporel&#8230;<\/p>\n<h3><em><img fetchpriority=\"high\" decoding=\"async\" class=\"size-medium wp-image-1116 alignright\" src=\"https:\/\/mlsfuhg7sobs.i.optimole.com\/cb:0KLq.257c9\/w:auto\/h:auto\/q:mauto\/f:best\/https:\/\/omjuicers.ch\/wp-content\/uploads\/2020\/04\/screens-1.jpg\" alt=\"\" width=\"300\" height=\"200\" \/><\/em>Le Sana 707 n\u2019est pas un simple un extracteur de jus.<\/h3>\n<p><em>En rempla\u00e7ant le filtre par le c\u00f4ne d&rsquo;homog\u00e9n\u00e9isation, cet extracteur peut \u00eatre utilis\u00e9 pour produire plusieurs types de p\u00e2tes, moudre du caf\u00e9, pr\u00e9parer des beurres de noix, pur\u00e9es pour b\u00e9b\u00e9s, cr\u00e8mes glac\u00e9es, sorbets et autres aliments sains dont vous et vos enfants allez tomber amoureux rapidement.<\/em><\/p>\n<p><strong><img data-opt-src=\"https:\/\/mlsfuhg7sobs.i.optimole.com\/cb:0KLq.257c9\/w:auto\/h:auto\/q:mauto\/f:best\/https:\/\/omjuicers.ch\/wp-content\/uploads\/2020\/04\/top-5.jpg\"  decoding=\"async\" class=\"size-medium wp-image-1118 alignleft\" src=\"https:\/\/mlsfuhg7sobs.i.optimole.com\/cb:0KLq.257c9\/w:auto\/h:auto\/q:eco\/f:best\/https:\/\/omjuicers.ch\/wp-content\/uploads\/2020\/04\/top-5.jpg\" alt=\"\" width=\"300\" height=\"200\" \/><noscript><img decoding=\"async\" class=\"size-medium wp-image-1118 alignleft\" src=\"https:\/\/mlsfuhg7sobs.i.optimole.com\/cb:0KLq.257c9\/w:auto\/h:auto\/q:mauto\/f:best\/https:\/\/omjuicers.ch\/wp-content\/uploads\/2020\/04\/top-5.jpg\" alt=\"\" width=\"300\" height=\"200\" \/></noscript>La grande goulotte d&rsquo;alimentation<\/strong> a \u00e9t\u00e9 jusqu&rsquo;ici l&rsquo;apanage des extracteurs verticaux. Le Sana 707 a chang\u00e9 l&rsquo;histoire. Vous pouvez maintenant profiter d\u2019un grand goulot de remplissage tout en conservant les avantages d&rsquo;un extracteur horizontal (un appareil polyvalent, facile \u00e0 nettoyer, travail facilement les l\u00e9gumes \u00e0 racine et les l\u00e9gumes-feuilles, &#8230;).<\/p>\n<p>Les enzymes vivantes contenues dans le jus produit par l\u2019extracteur Sana 707 garantissent un jus frais et vivant qui conserve l&rsquo;aspect, la saveur et les nutriments pendant presque 48 heures au r\u00e9frig\u00e9rateur.<\/p>\n<p>Le Sana 707 est le premier extracteur horizontal \u00e0 vis \u00e9quip\u00e9 d\u2019un tamis grossier en option. L&rsquo;utilisation d&rsquo;un tamis grossier facilite l\u2019extraction de jus des fruits et l\u00e9gumes \u00e0 chair molle et permet d\u2019obtenir de meilleurs r\u00e9sultats. Le poussoir \u00e9quip\u00e9 d&rsquo;un joint vous permet tout simplement d&rsquo;essuyer les parois du goulot de remplissage et de travailler sans r\u00e9sidus toutes sortes de fruits et l\u00e9gumes.<\/p>\n<p><img data-opt-src=\"https:\/\/mlsfuhg7sobs.i.optimole.com\/cb:0KLq.257c9\/w:auto\/h:auto\/q:mauto\/f:best\/https:\/\/omjuicers.ch\/wp-content\/uploads\/2020\/04\/combo-3.jpg\"  decoding=\"async\" class=\"size-medium wp-image-23512 alignright\" src=\"https:\/\/mlsfuhg7sobs.i.optimole.com\/cb:0KLq.257c9\/w:auto\/h:auto\/q:eco\/f:best\/https:\/\/omjuicers.ch\/wp-content\/uploads\/2020\/04\/combo-3.jpg\" alt=\"\" width=\"300\" height=\"240\" old-srcset=\"https:\/\/mlsfuhg7sobs.i.optimole.com\/cb:0KLq.257c9\/w:auto\/h:auto\/q:mauto\/f:best\/https:\/\/omjuicers.fr\/wp-content\/uploads\/sites\/2\/2020\/04\/combo-3.jpg 1200w, https:\/\/mlsfuhg7sobs.i.optimole.com\/cb:0KLq.257c9\/w:600\/h:480\/q:mauto\/f:best\/https:\/\/omjuicers.fr\/wp-content\/uploads\/sites\/2\/2020\/04\/combo-3.jpg 600w, https:\/\/mlsfuhg7sobs.i.optimole.com\/cb:0KLq.257c9\/w:300\/h:240\/q:mauto\/f:best\/https:\/\/omjuicers.fr\/wp-content\/uploads\/sites\/2\/2020\/04\/combo-3.jpg 300w, https:\/\/mlsfuhg7sobs.i.optimole.com\/cb:0KLq.257c9\/w:1024\/h:819\/q:mauto\/f:best\/https:\/\/omjuicers.fr\/wp-content\/uploads\/sites\/2\/2020\/04\/combo-3.jpg 1024w, https:\/\/mlsfuhg7sobs.i.optimole.com\/cb:0KLq.257c9\/w:768\/h:614\/q:mauto\/f:best\/https:\/\/omjuicers.fr\/wp-content\/uploads\/sites\/2\/2020\/04\/combo-3.jpg 768w, https:\/\/mlsfuhg7sobs.i.optimole.com\/cb:0KLq.257c9\/w:672\/h:538\/q:mauto\/f:best\/https:\/\/omjuicers.fr\/wp-content\/uploads\/sites\/2\/2020\/04\/combo-3.jpg 672w, https:\/\/mlsfuhg7sobs.i.optimole.com\/cb:0KLq.257c9\/w:1038\/h:830\/q:mauto\/f:best\/https:\/\/omjuicers.fr\/wp-content\/uploads\/sites\/2\/2020\/04\/combo-3.jpg 1038w, https:\/\/mlsfuhg7sobs.i.optimole.com\/cb:0KLq.257c9\/w:480\/h:384\/q:mauto\/f:best\/https:\/\/omjuicers.fr\/wp-content\/uploads\/sites\/2\/2020\/04\/combo-3.jpg 480w\" \/><noscript><img decoding=\"async\" class=\"size-medium wp-image-23512 alignright\" src=\"https:\/\/mlsfuhg7sobs.i.optimole.com\/cb:0KLq.257c9\/w:auto\/h:auto\/q:mauto\/f:best\/https:\/\/omjuicers.ch\/wp-content\/uploads\/2020\/04\/combo-3.jpg\" alt=\"\" width=\"300\" height=\"240\" srcset=\"https:\/\/mlsfuhg7sobs.i.optimole.com\/cb:0KLq.257c9\/w:auto\/h:auto\/q:mauto\/f:best\/https:\/\/omjuicers.fr\/wp-content\/uploads\/sites\/2\/2020\/04\/combo-3.jpg 1200w, https:\/\/mlsfuhg7sobs.i.optimole.com\/cb:0KLq.257c9\/w:600\/h:480\/q:mauto\/f:best\/https:\/\/omjuicers.fr\/wp-content\/uploads\/sites\/2\/2020\/04\/combo-3.jpg 600w, https:\/\/mlsfuhg7sobs.i.optimole.com\/cb:0KLq.257c9\/w:300\/h:240\/q:mauto\/f:best\/https:\/\/omjuicers.fr\/wp-content\/uploads\/sites\/2\/2020\/04\/combo-3.jpg 300w, https:\/\/mlsfuhg7sobs.i.optimole.com\/cb:0KLq.257c9\/w:1024\/h:819\/q:mauto\/f:best\/https:\/\/omjuicers.fr\/wp-content\/uploads\/sites\/2\/2020\/04\/combo-3.jpg 1024w, https:\/\/mlsfuhg7sobs.i.optimole.com\/cb:0KLq.257c9\/w:768\/h:614\/q:mauto\/f:best\/https:\/\/omjuicers.fr\/wp-content\/uploads\/sites\/2\/2020\/04\/combo-3.jpg 768w, https:\/\/mlsfuhg7sobs.i.optimole.com\/cb:0KLq.257c9\/w:672\/h:538\/q:mauto\/f:best\/https:\/\/omjuicers.fr\/wp-content\/uploads\/sites\/2\/2020\/04\/combo-3.jpg 672w, https:\/\/mlsfuhg7sobs.i.optimole.com\/cb:0KLq.257c9\/w:1038\/h:830\/q:mauto\/f:best\/https:\/\/omjuicers.fr\/wp-content\/uploads\/sites\/2\/2020\/04\/combo-3.jpg 1038w, https:\/\/mlsfuhg7sobs.i.optimole.com\/cb:0KLq.257c9\/w:480\/h:384\/q:mauto\/f:best\/https:\/\/omjuicers.fr\/wp-content\/uploads\/sites\/2\/2020\/04\/combo-3.jpg 480w\" sizes=\"(max-width: 300px) 100vw, 300px\" \/></noscript>La forme du bloc moteur vous permet de porter l\u2019extracteur sans poign\u00e9es. Autre nouveaut\u00e9 : le cordon d&rsquo;alimentation qui sort de la partie basse de l\u2019extracteur. Le Sana 707 est un appareil sophistiqu\u00e9 dans les moindres d\u00e9tails.<\/p>\n<h3>Un extracteur d&rsquo;huile peut \u00eatre utilis\u00e9 sur cet appareil<\/h3>\n<p>Gr\u00e2ce \u00e0 l\u2019accessoire de presse \u00e0 huile <a href=\"https:\/\/omjuicers.fr\/fr\/product\/extracteur-huile-sana-euj-702\/\" target=\"_blank\" rel=\"noopener\">Sana 702<\/a>, vous pouvez produire en douceur et fra\u00eechement des huiles press\u00e9es \u00e0 froid dans la quantit\u00e9 souhait\u00e9e \u2013 par exemple de l\u2019huile de lin, de l\u2019huile de tournesol ou m\u00eame de l\u2019huile de p\u00e9pins de courge.<\/p>\n<p><strong>Embout \u00e0 Celeri<\/strong><\/p>\n<p>La version actuelle du Sana 707 contient <a href=\"https:\/\/omjuicers.fr\/fr\/product\/embout-a-celeri-pour-sana-707\/\" target=\"_blank\" rel=\"noopener\">l&#8217;embout \u00e0 c\u00e9leri<\/a> qui augmente le rendement du jus de c\u00e9leri jusqu\u2019\u00e0 15 %.<\/p>\n<p><strong>Accessoires contenus dans la livraison :<\/strong><\/p>\n<ul>\n<li>Filtre fin<\/li>\n<li>Filtre grossier<\/li>\n<li>C\u00f4ne d\u2019homog\u00e9n\u00e9isation<\/li>\n<li>Embout \u00e0 c\u00e9leri<\/li>\n<li>Accessoires pour fabrication de p\u00e2tes, pur\u00e9es, beurres de noix, &#8230;<\/li>\n<li>Pichet \u00e0 jus en verre<\/li>\n<li>Bac \u00e0 pulpe en inox<\/li>\n<li>Passoire<\/li>\n<li>Poussoir \u00e0 joint<\/li>\n<li>Brosse de nettoyage<\/li>\n<li>Notice d\u2019utilisation en fran\u00e7ais<\/li>\n<\/ul>\n<p><img data-opt-src=\"https:\/\/mlsfuhg7sobs.i.optimole.com\/cb:0KLq.257c9\/w:auto\/h:auto\/q:mauto\/f:best\/https:\/\/omjuicers.ch\/wp-content\/uploads\/2020\/04\/all-parts-1.jpg\"  decoding=\"async\" class=\"aligncenter size-medium wp-image-1102\" src=\"https:\/\/mlsfuhg7sobs.i.optimole.com\/cb:0KLq.257c9\/w:auto\/h:auto\/q:eco\/f:best\/https:\/\/omjuicers.ch\/wp-content\/uploads\/2020\/04\/all-parts-1.jpg\" alt=\"\" width=\"300\" height=\"256\" \/><noscript><img decoding=\"async\" class=\"aligncenter size-medium wp-image-1102\" src=\"https:\/\/mlsfuhg7sobs.i.optimole.com\/cb:0KLq.257c9\/w:auto\/h:auto\/q:mauto\/f:best\/https:\/\/omjuicers.ch\/wp-content\/uploads\/2020\/04\/all-parts-1.jpg\" alt=\"\" width=\"300\" height=\"256\" \/></noscript><\/p>\n<h3>En vid\u00e9o<\/h3>\n<p>Dans cette vid\u00e9o, nous d\u00e9ballons le Sana 707, vous montrons toutes les pi\u00e8ces, comment l\u2019assembler et comment le nettoyer.<\/p>\n<p><iframe title=\"D\u00e9ballage de l&#039;extracteur de jus Sana 707 \/\/ OmJuicers.ch\" width=\"1200\" height=\"675\" src=\"https:\/\/www.youtube.com\/embed\/y0ceyVuzFOM?feature=oembed&#038;enablejsapi=1&#038;origin=https:\/\/omjuicers.fr&amp;wmode=opaque&amp;showinfo=0\" style=\"border: none\" allow=\"accelerometer; autoplay; clipboard-write; encrypted-media; gyroscope; picture-in-picture; web-share\" referrerpolicy=\"strict-origin-when-cross-origin\" allowfullscreen><\/iframe><\/p>\n<h3>Test\u00e9 par Lumai Blog<\/h3>\n<p>Lumai blog a publi\u00e9 <a href=\"http:\/\/www.lumai.ch\/extracteur-jus-sana-omega\/\" target=\"_blank\" rel=\"noopener noreferrer\">un article tr\u00e8s d\u00e9taill\u00e9<\/a> sur la d\u00e9couverte et l&rsquo;utilisation de l&rsquo;extracteur de jus Sana 707.<\/p>\n<p><img data-opt-src=\"https:\/\/mlsfuhg7sobs.i.optimole.com\/cb:0KLq.257c9\/w:auto\/h:auto\/q:mauto\/f:best\/https:\/\/omjuicers.ch\/wp-content\/uploads\/2020\/04\/sana_omega_juicer_lumai6-e1551716481140-1.jpg\"  decoding=\"async\" class=\"aligncenter wp-image-1564 size-large\" src=\"https:\/\/mlsfuhg7sobs.i.optimole.com\/cb:0KLq.257c9\/w:auto\/h:auto\/q:eco\/f:best\/https:\/\/omjuicers.ch\/wp-content\/uploads\/2020\/04\/sana_omega_juicer_lumai6-e1551716481140-1.jpg\" alt=\"\" width=\"800\" height=\"800\" \/><noscript><img decoding=\"async\" class=\"aligncenter wp-image-1564 size-large\" src=\"https:\/\/mlsfuhg7sobs.i.optimole.com\/cb:0KLq.257c9\/w:auto\/h:auto\/q:mauto\/f:best\/https:\/\/omjuicers.ch\/wp-content\/uploads\/2020\/04\/sana_omega_juicer_lumai6-e1551716481140-1.jpg\" alt=\"\" width=\"800\" height=\"800\" \/></noscript><\/p>\n","protected":false},"excerpt":{"rendered":"<p>L\u2019extracteur de jus horizontal \u00e0 vis Sana 707 est \u00e9quip\u00e9 d&rsquo;un moteur de qualit\u00e9 qui ne tourne qu\u2019\u00e0 70 tours par minute. Cette m\u00e9thode douce d\u2019expression des fruits et l\u00e9gumes assure qu&rsquo;il n&rsquo;y a pas de perte de vitamines, min\u00e9raux et enzymes comme c&rsquo;est le cas des centrifugeuses \u00e0 haute vitesse. L\u2019appareil Sana utilise un tamis de jus en deux \u00e9tapes assurant ainsi un rendement maximal. Il peut extraire le jus de tous les fruits et l\u00e9gumes courants, mais \u00e9galement des fruits r\u00e9put\u00e9s plus difficiles comme la groseille, l&rsquo;ananas et le c\u00e9leri.<\/p>\n","protected":false},"featured_media":32934,"comment_status":"open","ping_status":"closed","template":"","meta":{"_acf_changed":false},"product_cat":[15,317,20],"product_tag":[296],"class_list":{"0":"post-1145","1":"product","2":"type-product","3":"status-publish","4":"has-post-thumbnail","6":"product_cat-extracteurs-de-jus","7":"product_cat-horizontal-fr","8":"product_cat-moyenne-gamme","9":"product_tag-sana-fr","10":"product_shipping_class-juicer","12":"first","13":"instock","14":"featured","15":"taxable","16":"shipping-taxable","17":"purchasable","18":"product-type-variable","19":"has-default-attributes"},"supplier_id":null,"supplier_sku":"","barcode":null,"atum_controlled":true,"out_stock_date":null,"out_stock_threshold":null,"inheritable":true,"inbound_stock":0,"stock_on_hold":1,"sold_today":0,"sales_last_days":1,"reserved_stock":0,"customer_returns":0,"warehouse_damage":null,"lost_in_post":null,"other_logs":null,"out_stock_days":0,"lost_sales":0,"has_location":false,"update_date":"2026-05-16T21:23:08","atum_locations":[],"atum_stock_status":"instock","restock_status":false,"low_stock_amount":"","sales_update_date":"2026-05-16T21:23:08","calc_backorders":null,"acf":{"hide_in_france":false},"_links":{"self":[{"href":"https:\/\/omjuicers.fr\/fr\/wp-json\/wp\/v2\/product\/1145"}],"collection":[{"href":"https:\/\/omjuicers.fr\/fr\/wp-json\/wp\/v2\/product"}],"about":[{"href":"https:\/\/omjuicers.fr\/fr\/wp-json\/wp\/v2\/types\/product"}],"replies":[{"embeddable":true,"href":"https:\/\/omjuicers.fr\/fr\/wp-json\/wp\/v2\/comments?post=1145"}],"wp:featuredmedia":[{"embeddable":true,"href":"https:\/\/omjuicers.fr\/fr\/wp-json\/wp\/v2\/media\/32934"}],"wp:attachment":[{"href":"https:\/\/omjuicers.fr\/fr\/wp-json\/wp\/v2\/media?parent=1145"}],"wp:term":[{"taxonomy":"product_cat","embeddable":true,"href":"https:\/\/omjuicers.fr\/fr\/wp-json\/wp\/v2\/product_cat?post=1145"},{"taxonomy":"product_tag","embeddable":true,"href":"https:\/\/omjuicers.fr\/fr\/wp-json\/wp\/v2\/product_tag?post=1145"}],"curies":[{"name":"wp","href":"https:\/\/api.w.org\/{rel}","templated":true}]}}