{"id":32504,"date":"2023-01-31T14:06:24","date_gmt":"2023-01-31T13:06:24","guid":{"rendered":"https:\/\/omjuicers.ch\/?post_type=product&#038;p=32504"},"modified":"2026-05-16T23:23:09","modified_gmt":"2026-05-16T21:23:09","slug":"extracteur-de-jus-sana-848","status":"publish","type":"product","link":"https:\/\/omjuicers.fr\/fr\/product\/extracteur-de-jus-sana-848\/","title":{"rendered":"Extracteur de jus Sana 848"},"content":{"rendered":"<table class=\"responsive-727\">\n<tbody>\n<tr>\n<td>Le Sana 848 est l&rsquo;extracteur de jus le plus compact de la gamme Sana, id\u00e9al pour les petits comptoirs. Il est livr\u00e9 avec un r\u00e9cipient pour conserver les jus sous vide jusqu&rsquo;\u00e0 72 heures. Gr\u00e2ce \u00e0 son moteur puissant, il peut facilement extraire le jus de l\u00e9gumes racines durs comme la betterave ou la patate douce. Le syst\u00e8me de tamis a \u00e9t\u00e9 am\u00e9lior\u00e9 avec un filtre en deux parties facile \u00e0 nettoyer simplement en le rin\u00e7ant sous l&rsquo;eau courante. Efficace et \u00e9l\u00e9gant, le Sana 848 est un choix parfait pour les consommateurs soucieux de la qualit\u00e9.<\/td>\n<td style=\"padding-left: 20px;\" align=\"center\" width=\"300px !important\"><img fetchpriority=\"high\" decoding=\"async\" class=\"alignnone wp-image-32520 size-medium\" src=\"https:\/\/mlsfuhg7sobs.i.optimole.com\/cb:0KLq.257c9\/w:300\/h:300\/q:mauto\/rt:fill\/g:ce\/f:best\/https:\/\/omjuicers.ch\/wp-content\/uploads\/2023\/01\/sana-848-front-black.jpg\" alt=\"\" width=\"300\" height=\"300\" srcset=\"https:\/\/mlsfuhg7sobs.i.optimole.com\/cb:0KLq.257c9\/w:300\/h:300\/q:mauto\/rt:fill\/g:ce\/f:best\/https:\/\/omjuicers.fr\/wp-content\/uploads\/sites\/2\/2023\/01\/sana-848-front-black.jpg 300w, https:\/\/mlsfuhg7sobs.i.optimole.com\/cb:0KLq.257c9\/w:100\/h:100\/q:mauto\/rt:fill\/g:ce\/f:best\/https:\/\/omjuicers.fr\/wp-content\/uploads\/sites\/2\/2023\/01\/sana-848-front-black.jpg 100w, https:\/\/mlsfuhg7sobs.i.optimole.com\/cb:0KLq.257c9\/w:600\/h:600\/q:mauto\/f:best\/https:\/\/omjuicers.fr\/wp-content\/uploads\/sites\/2\/2023\/01\/sana-848-front-black.jpg 600w, https:\/\/mlsfuhg7sobs.i.optimole.com\/cb:0KLq.257c9\/w:150\/h:150\/q:mauto\/rt:fill\/g:ce\/f:best\/https:\/\/omjuicers.fr\/wp-content\/uploads\/sites\/2\/2023\/01\/sana-848-front-black.jpg 150w, https:\/\/mlsfuhg7sobs.i.optimole.com\/cb:0KLq.257c9\/w:768\/h:768\/q:mauto\/f:best\/https:\/\/omjuicers.fr\/wp-content\/uploads\/sites\/2\/2023\/01\/sana-848-front-black.jpg 768w, https:\/\/mlsfuhg7sobs.i.optimole.com\/cb:0KLq.257c9\/w:672\/h:672\/q:mauto\/f:best\/https:\/\/omjuicers.fr\/wp-content\/uploads\/sites\/2\/2023\/01\/sana-848-front-black.jpg 672w, https:\/\/mlsfuhg7sobs.i.optimole.com\/cb:0KLq.257c9\/w:480\/h:480\/q:mauto\/f:best\/https:\/\/omjuicers.fr\/wp-content\/uploads\/sites\/2\/2023\/01\/sana-848-front-black.jpg 480w, https:\/\/mlsfuhg7sobs.i.optimole.com\/cb:0KLq.257c9\/w:auto\/h:auto\/q:mauto\/f:best\/https:\/\/omjuicers.fr\/wp-content\/uploads\/sites\/2\/2023\/01\/sana-848-front-black.jpg 800w\" sizes=\"(max-width: 300px) 100vw, 300px\" \/><\/td>\n<\/tr>\n<\/tbody>\n<\/table>\n<h3>Stockage sous vide pour une fra\u00eecheur maximale du jus<\/h3>\n<table class=\"responsive-727\">\n<tbody>\n<tr class=\"reverse\">\n<td style=\"padding-right: 20px;\" align=\"center\" width=\"300px !important\"><img fetchpriority=\"high\" decoding=\"async\" class=\"alignnone wp-image-32526 size-medium\" src=\"https:\/\/mlsfuhg7sobs.i.optimole.com\/cb:0KLq.257c9\/w:auto\/h:auto\/q:mauto\/f:best\/https:\/\/omjuicers.ch\/wp-content\/uploads\/2023\/01\/sana-848-vacuum-container.webp\" alt=\"\" width=\"300\" height=\"240\" srcset=\"https:\/\/mlsfuhg7sobs.i.optimole.com\/cb:0KLq.257c9\/w:auto\/h:auto\/q:mauto\/f:best\/https:\/\/omjuicers.fr\/wp-content\/uploads\/sites\/2\/2023\/01\/sana-848-vacuum-container.webp 800w, https:\/\/mlsfuhg7sobs.i.optimole.com\/cb:0KLq.257c9\/w:600\/h:480\/q:mauto\/f:best\/https:\/\/omjuicers.fr\/wp-content\/uploads\/sites\/2\/2023\/01\/sana-848-vacuum-container.webp 600w, https:\/\/mlsfuhg7sobs.i.optimole.com\/cb:0KLq.257c9\/w:300\/h:240\/q:mauto\/f:best\/https:\/\/omjuicers.fr\/wp-content\/uploads\/sites\/2\/2023\/01\/sana-848-vacuum-container.webp 300w, https:\/\/mlsfuhg7sobs.i.optimole.com\/cb:0KLq.257c9\/w:768\/h:614\/q:mauto\/f:best\/https:\/\/omjuicers.fr\/wp-content\/uploads\/sites\/2\/2023\/01\/sana-848-vacuum-container.webp 768w, https:\/\/mlsfuhg7sobs.i.optimole.com\/cb:0KLq.257c9\/w:672\/h:538\/q:mauto\/f:best\/https:\/\/omjuicers.fr\/wp-content\/uploads\/sites\/2\/2023\/01\/sana-848-vacuum-container.webp 672w, https:\/\/mlsfuhg7sobs.i.optimole.com\/cb:0KLq.257c9\/w:480\/h:384\/q:mauto\/f:best\/https:\/\/omjuicers.fr\/wp-content\/uploads\/sites\/2\/2023\/01\/sana-848-vacuum-container.webp 480w\" sizes=\"(max-width: 300px) 100vw, 300px\" \/><\/td>\n<td>Le fabriquant d&rsquo;extracteurs de jus Sana est toujours \u00e0 la recherche de moyens pour simplifier l&rsquo;extraction du jus. Et avec le Sana 848, ils ont trouv\u00e9 un moyen innovant d&rsquo;y parvenir : la conservation sous vide. En permettant de conserver le jus sous vide, il garde un maximum de go\u00fbt et de nutriments pendant 72 heures. Le Sana 848 est livr\u00e9 avec un r\u00e9cipient de stockage du jus d&rsquo;une capacit\u00e9 de 1500 ml et d&rsquo;une pompe pour en extraire l&rsquo;air.<\/p>\n<p>Si vous suivez une cure et que vous buvez du jus plusieurs fois par jour, comme par exemple du jus de c\u00e9leri selon Anthony William, vous pouvez ainsi pr\u00e9parer la quantit\u00e9 de jus n\u00e9cessaire le matin pour toute la journ\u00e9e. Une fois la bonne quantit\u00e9 de jus pr\u00eate, il suffit de placer le couvercle et de pomper quelques fois pour enlever l&rsquo;air. Apr\u00e8s chaque ouverture du r\u00e9cipient, pompez \u00e0 nouveau l&rsquo;air pour conserver le jus frais et riche en nutriments. Le secret pour conserver les nutriments : le jus doit \u00eatre conserv\u00e9 au frais, \u00e0 l&rsquo;abri de la lumi\u00e8re et de pr\u00e9f\u00e9rence sans oxyg\u00e8ne.<\/td>\n<\/tr>\n<\/tbody>\n<\/table>\n<h3>L&rsquo;extracteur sans tamis m\u00e9tallique pour un nettoyage super rapide<\/h3>\n<table class=\"responsive-727\">\n<tbody>\n<tr>\n<td>Ce qui prend le plus de temps dans le nettoyage d&rsquo;un extracteur de jus est d&rsquo;enlever les restes de pulpe dans tamis m\u00e9tallique. Tous les extracteurs Sana sont con\u00e7us pour \u00eatre nettoy\u00e9s facilement, mais le Sana 848 est de loin l&rsquo;extracteur vertical plus rapide et facile \u00e0 nettoyer. Gr\u00e2ce \u00e0 deux filtres sans BPA qui s&#8217;embo\u00eetent l&rsquo;un dans l&rsquo;autre, la pulpe est press\u00e9e contre d&rsquo;\u00e9troites fentes verticales, ce qui permet d&rsquo;extraire en douceur le jus frais press\u00e9 \u00e0 froid.<\/p>\n<p>&nbsp;<\/p>\n<p>Apr\u00e8s l&rsquo;extraction du jus, il suffit de rincer les filtres \u00e0 l&rsquo;eau courante &#8211; sans aucun brossage. Pour la plupart des aliments, vous pouvez nettoyer l&rsquo;extracteur en moins d&rsquo;une minute, car il suffit de rincer les \u00e9l\u00e9ments \u00e0 l&rsquo;eau ti\u00e8de (tambour, tube d&rsquo;alimentation, vis sans fin et filtres).<\/td>\n<td style=\"padding-left: 20px;\" align=\"center\" width=\"300px !important\"><img fetchpriority=\"high\" decoding=\"async\" class=\"alignnone wp-image-32528 size-medium\" src=\"https:\/\/mlsfuhg7sobs.i.optimole.com\/cb:0KLq.257c9\/w:auto\/h:auto\/q:mauto\/f:best\/https:\/\/omjuicers.ch\/wp-content\/uploads\/2023\/01\/sana-848-filter.jpg\" alt=\"\" width=\"300\" height=\"240\" srcset=\"https:\/\/mlsfuhg7sobs.i.optimole.com\/cb:0KLq.257c9\/w:auto\/h:auto\/q:mauto\/f:best\/https:\/\/omjuicers.fr\/wp-content\/uploads\/sites\/2\/2023\/01\/sana-848-filter.jpg 733w, https:\/\/mlsfuhg7sobs.i.optimole.com\/cb:0KLq.257c9\/w:600\/h:480\/q:mauto\/f:best\/https:\/\/omjuicers.fr\/wp-content\/uploads\/sites\/2\/2023\/01\/sana-848-filter.jpg 600w, https:\/\/mlsfuhg7sobs.i.optimole.com\/cb:0KLq.257c9\/w:300\/h:240\/q:mauto\/f:best\/https:\/\/omjuicers.fr\/wp-content\/uploads\/sites\/2\/2023\/01\/sana-848-filter.jpg 300w, https:\/\/mlsfuhg7sobs.i.optimole.com\/cb:0KLq.257c9\/w:672\/h:537\/q:mauto\/f:best\/https:\/\/omjuicers.fr\/wp-content\/uploads\/sites\/2\/2023\/01\/sana-848-filter.jpg 672w, https:\/\/mlsfuhg7sobs.i.optimole.com\/cb:0KLq.257c9\/w:480\/h:384\/q:mauto\/f:best\/https:\/\/omjuicers.fr\/wp-content\/uploads\/sites\/2\/2023\/01\/sana-848-filter.jpg 480w\" sizes=\"(max-width: 300px) 100vw, 300px\" \/><\/td>\n<\/tr>\n<\/tbody>\n<\/table>\n<h3>Trois filtres pour plus de flexibilit\u00e9<\/h3>\n<table class=\"responsive-727\">\n<tbody>\n<tr class=\"reverse\">\n<td style=\"padding-right: 20px;\" align=\"center\" width=\"300px !important\"><img data-opt-src=\"https:\/\/mlsfuhg7sobs.i.optimole.com\/cb:0KLq.257c9\/w:auto\/h:auto\/q:mauto\/f:best\/https:\/\/omjuicers.ch\/wp-content\/uploads\/2023\/01\/sana-848-coarse-filter.webp\"  decoding=\"async\" class=\"alignnone wp-image-32530 size-medium\" src=\"https:\/\/mlsfuhg7sobs.i.optimole.com\/cb:0KLq.257c9\/w:auto\/h:auto\/q:eco\/f:best\/https:\/\/omjuicers.ch\/wp-content\/uploads\/2023\/01\/sana-848-coarse-filter.webp\" alt=\"\" width=\"300\" height=\"240\" old-srcset=\"https:\/\/mlsfuhg7sobs.i.optimole.com\/cb:0KLq.257c9\/w:auto\/h:auto\/q:mauto\/f:best\/https:\/\/omjuicers.fr\/wp-content\/uploads\/sites\/2\/2023\/01\/sana-848-coarse-filter.webp 800w, https:\/\/mlsfuhg7sobs.i.optimole.com\/cb:0KLq.257c9\/w:600\/h:480\/q:mauto\/f:best\/https:\/\/omjuicers.fr\/wp-content\/uploads\/sites\/2\/2023\/01\/sana-848-coarse-filter.webp 600w, https:\/\/mlsfuhg7sobs.i.optimole.com\/cb:0KLq.257c9\/w:300\/h:240\/q:mauto\/f:best\/https:\/\/omjuicers.fr\/wp-content\/uploads\/sites\/2\/2023\/01\/sana-848-coarse-filter.webp 300w, https:\/\/mlsfuhg7sobs.i.optimole.com\/cb:0KLq.257c9\/w:768\/h:614\/q:mauto\/f:best\/https:\/\/omjuicers.fr\/wp-content\/uploads\/sites\/2\/2023\/01\/sana-848-coarse-filter.webp 768w, https:\/\/mlsfuhg7sobs.i.optimole.com\/cb:0KLq.257c9\/w:672\/h:538\/q:mauto\/f:best\/https:\/\/omjuicers.fr\/wp-content\/uploads\/sites\/2\/2023\/01\/sana-848-coarse-filter.webp 672w, https:\/\/mlsfuhg7sobs.i.optimole.com\/cb:0KLq.257c9\/w:480\/h:384\/q:mauto\/f:best\/https:\/\/omjuicers.fr\/wp-content\/uploads\/sites\/2\/2023\/01\/sana-848-coarse-filter.webp 480w\" \/><noscript><img decoding=\"async\" class=\"alignnone wp-image-32530 size-medium\" src=\"https:\/\/mlsfuhg7sobs.i.optimole.com\/cb:0KLq.257c9\/w:auto\/h:auto\/q:mauto\/f:best\/https:\/\/omjuicers.ch\/wp-content\/uploads\/2023\/01\/sana-848-coarse-filter.webp\" alt=\"\" width=\"300\" height=\"240\" srcset=\"https:\/\/mlsfuhg7sobs.i.optimole.com\/cb:0KLq.257c9\/w:auto\/h:auto\/q:mauto\/f:best\/https:\/\/omjuicers.fr\/wp-content\/uploads\/sites\/2\/2023\/01\/sana-848-coarse-filter.webp 800w, https:\/\/mlsfuhg7sobs.i.optimole.com\/cb:0KLq.257c9\/w:600\/h:480\/q:mauto\/f:best\/https:\/\/omjuicers.fr\/wp-content\/uploads\/sites\/2\/2023\/01\/sana-848-coarse-filter.webp 600w, https:\/\/mlsfuhg7sobs.i.optimole.com\/cb:0KLq.257c9\/w:300\/h:240\/q:mauto\/f:best\/https:\/\/omjuicers.fr\/wp-content\/uploads\/sites\/2\/2023\/01\/sana-848-coarse-filter.webp 300w, https:\/\/mlsfuhg7sobs.i.optimole.com\/cb:0KLq.257c9\/w:768\/h:614\/q:mauto\/f:best\/https:\/\/omjuicers.fr\/wp-content\/uploads\/sites\/2\/2023\/01\/sana-848-coarse-filter.webp 768w, https:\/\/mlsfuhg7sobs.i.optimole.com\/cb:0KLq.257c9\/w:672\/h:538\/q:mauto\/f:best\/https:\/\/omjuicers.fr\/wp-content\/uploads\/sites\/2\/2023\/01\/sana-848-coarse-filter.webp 672w, https:\/\/mlsfuhg7sobs.i.optimole.com\/cb:0KLq.257c9\/w:480\/h:384\/q:mauto\/f:best\/https:\/\/omjuicers.fr\/wp-content\/uploads\/sites\/2\/2023\/01\/sana-848-coarse-filter.webp 480w\" sizes=\"(max-width: 300px) 100vw, 300px\" \/></noscript><\/td>\n<td>La Sana 848 comprend trois filtres con\u00e7us pour fonctionner au mieux avec diff\u00e9rents ingr\u00e9dients.<\/p>\n<ul>\n<li>Le filtre fin offre la plus grande puissance d&rsquo;extraction et est utilis\u00e9 pour les fruits et l\u00e9gumes.<\/li>\n<li>Le filtre grossier a des fentes verticales plus grandes, permettant aux produits mous et fibreux d&rsquo;\u00eatre press\u00e9s plus efficacement.<\/li>\n<li>Le filtre \u00e0 sorbet \u00e9crase et m\u00e9lange les fruits surgel\u00e9s d\u00e9licatement pour en faire un sorbet lisse et d\u00e9licieux.<\/li>\n<\/ul>\n<\/td>\n<\/tr>\n<\/tbody>\n<\/table>\n<h3>Les petits d\u00e9tails qui font la diff\u00e9rence<\/h3>\n<table class=\"responsive-727\">\n<tbody>\n<tr>\n<td>Chaque \u00e9l\u00e9ment du Sana 848 refl\u00e8te le souci du d\u00e9tail et de la qualit\u00e9. Par exemple, la plupart des extracteurs de jus ne comportent qu&rsquo;un petit gobelet en plastique pour recueillir la pulpe. Le Sana 848 utilise un grand r\u00e9cipient \u00e0 pulpe en acier inoxydable. Non seulement ce r\u00e9cipient est beau sur le plan de travail de la cuisine, mais il est \u00e9galement id\u00e9al pour les personnes qui souhaitent conserver leur pulpe de mani\u00e8re hygi\u00e9nique pour d&rsquo;autres usages. Par exemple, la pulpe peut \u00eatre ajout\u00e9e aux g\u00e2teaux et aux muffins, mise dans les smoothies pour les fibres et le go\u00fbt, et m\u00eame d\u00e9shydrat\u00e9e pour en faire des biscuits sains.<\/td>\n<td style=\"padding-left: 20px;\" align=\"center\" width=\"300px !important\"><img data-opt-src=\"https:\/\/mlsfuhg7sobs.i.optimole.com\/cb:0KLq.257c9\/w:auto\/h:auto\/q:mauto\/f:best\/https:\/\/omjuicers.ch\/wp-content\/uploads\/2023\/01\/sana-848-pulp-container.jpg\"  decoding=\"async\" class=\"alignnone wp-image-32532 size-medium\" src=\"https:\/\/mlsfuhg7sobs.i.optimole.com\/cb:0KLq.257c9\/w:auto\/h:auto\/q:eco\/f:best\/https:\/\/omjuicers.ch\/wp-content\/uploads\/2023\/01\/sana-848-pulp-container.jpg\" alt=\"\" width=\"300\" height=\"240\" old-srcset=\"https:\/\/mlsfuhg7sobs.i.optimole.com\/cb:0KLq.257c9\/w:auto\/h:auto\/q:mauto\/f:best\/https:\/\/omjuicers.fr\/wp-content\/uploads\/sites\/2\/2023\/01\/sana-848-pulp-container.jpg 733w, https:\/\/mlsfuhg7sobs.i.optimole.com\/cb:0KLq.257c9\/w:600\/h:480\/q:mauto\/f:best\/https:\/\/omjuicers.fr\/wp-content\/uploads\/sites\/2\/2023\/01\/sana-848-pulp-container.jpg 600w, https:\/\/mlsfuhg7sobs.i.optimole.com\/cb:0KLq.257c9\/w:300\/h:240\/q:mauto\/f:best\/https:\/\/omjuicers.fr\/wp-content\/uploads\/sites\/2\/2023\/01\/sana-848-pulp-container.jpg 300w, https:\/\/mlsfuhg7sobs.i.optimole.com\/cb:0KLq.257c9\/w:672\/h:537\/q:mauto\/f:best\/https:\/\/omjuicers.fr\/wp-content\/uploads\/sites\/2\/2023\/01\/sana-848-pulp-container.jpg 672w, https:\/\/mlsfuhg7sobs.i.optimole.com\/cb:0KLq.257c9\/w:480\/h:384\/q:mauto\/f:best\/https:\/\/omjuicers.fr\/wp-content\/uploads\/sites\/2\/2023\/01\/sana-848-pulp-container.jpg 480w\" \/><noscript><img decoding=\"async\" class=\"alignnone wp-image-32532 size-medium\" src=\"https:\/\/mlsfuhg7sobs.i.optimole.com\/cb:0KLq.257c9\/w:auto\/h:auto\/q:mauto\/f:best\/https:\/\/omjuicers.ch\/wp-content\/uploads\/2023\/01\/sana-848-pulp-container.jpg\" alt=\"\" width=\"300\" height=\"240\" srcset=\"https:\/\/mlsfuhg7sobs.i.optimole.com\/cb:0KLq.257c9\/w:auto\/h:auto\/q:mauto\/f:best\/https:\/\/omjuicers.fr\/wp-content\/uploads\/sites\/2\/2023\/01\/sana-848-pulp-container.jpg 733w, https:\/\/mlsfuhg7sobs.i.optimole.com\/cb:0KLq.257c9\/w:600\/h:480\/q:mauto\/f:best\/https:\/\/omjuicers.fr\/wp-content\/uploads\/sites\/2\/2023\/01\/sana-848-pulp-container.jpg 600w, https:\/\/mlsfuhg7sobs.i.optimole.com\/cb:0KLq.257c9\/w:300\/h:240\/q:mauto\/f:best\/https:\/\/omjuicers.fr\/wp-content\/uploads\/sites\/2\/2023\/01\/sana-848-pulp-container.jpg 300w, https:\/\/mlsfuhg7sobs.i.optimole.com\/cb:0KLq.257c9\/w:672\/h:537\/q:mauto\/f:best\/https:\/\/omjuicers.fr\/wp-content\/uploads\/sites\/2\/2023\/01\/sana-848-pulp-container.jpg 672w, https:\/\/mlsfuhg7sobs.i.optimole.com\/cb:0KLq.257c9\/w:480\/h:384\/q:mauto\/f:best\/https:\/\/omjuicers.fr\/wp-content\/uploads\/sites\/2\/2023\/01\/sana-848-pulp-container.jpg 480w\" sizes=\"(max-width: 300px) 100vw, 300px\" \/></noscript><\/td>\n<\/tr>\n<\/tbody>\n<\/table>\n<h3>Caract\u00e9ristiques principales<\/h3>\n<ul>\n<li><strong>Mode d&#8217;emploi disponible uniquement en anglais pour le moment !<\/strong><\/li>\n<li>R\u00e9cipient de stockage sous vide de 1500 ml avec pompe<\/li>\n<li>Extraction \u00e0 froid \u00e0 43 tours\/minute<\/li>\n<li>Moteur \u00e0 faible bruit et faible vibration<\/li>\n<li>La vis sans fin \u00e0 deux lames coupe le produit deux fois \u00e0 chaque rotation<\/li>\n<li>Le bec de sortie de la pulpe s&rsquo;ouvre compl\u00e8tement pour un rin\u00e7age rapide<\/li>\n<li>Syst\u00e8me d&rsquo;extraction de jus sans tamis pour un nettoyage plus facile<\/li>\n<li>Les pi\u00e8ces de l&rsquo;extracteur se nettoient en moins d&rsquo;une minute \u00e0 l&rsquo;eau courante<\/li>\n<li>Comprend 3 filtres pour les produits durs, les fruits mous et les sorbets<\/li>\n<li>Tr\u00e8s grand r\u00e9cipient \u00e0 pulpe en acier inoxydable<\/li>\n<li>Fabriqu\u00e9 en Cor\u00e9e du Sud \u00e0 partir de composants de qualit\u00e9 sup\u00e9rieure<\/li>\n<\/ul>\n<h3><\/h3>\n<h3>En vid\u00e9o<\/h3>\n<p>Dans cette vid\u00e9o, le fabriquant nous pr\u00e9sente le Sana 848.<br \/>\n<iframe title=\"YouTube video player\" src=\"https:\/\/www.youtube.com\/embed\/eF8ZdmxeWqw\" width=\"560\" height=\"315\" frameborder=\"0\" allowfullscreen=\"allowfullscreen\"><\/iframe><\/p>\n","protected":false},"excerpt":{"rendered":"<p>Le Sana 848 est l&rsquo;extracteur de jus le plus compact de la gamme Sana, id\u00e9al pour les petits comptoirs. Il est livr\u00e9 avec un r\u00e9cipient pour conserver les jus sous vide jusqu&rsquo;\u00e0 72 heures. Gr\u00e2ce \u00e0 son moteur puissant, il peut facilement extraire le jus de l\u00e9gumes racines durs comme la betterave ou la patate douce. Le syst\u00e8me de tamis a \u00e9t\u00e9 am\u00e9lior\u00e9 avec un filtre en deux parties facile \u00e0 nettoyer simplement en le rin\u00e7ant sous l&rsquo;eau courante. Efficace et \u00e9l\u00e9gant, le Sana 848 est un choix parfait pour les consommateurs soucieux de la qualit\u00e9.<\/p>\n","protected":false},"featured_media":32954,"comment_status":"open","ping_status":"closed","template":"","meta":{"_acf_changed":false},"product_cat":[15,318,20],"product_tag":[296],"class_list":{"0":"post-32504","1":"product","2":"type-product","3":"status-publish","4":"has-post-thumbnail","6":"product_cat-extracteurs-de-jus","7":"product_cat-vertical","8":"product_cat-moyenne-gamme","9":"product_tag-sana-fr","10":"product_shipping_class-juicer","12":"first","13":"instock","14":"sale","15":"featured","16":"taxable","17":"shipping-taxable","18":"purchasable","19":"product-type-variable","20":"has-default-attributes"},"supplier_id":null,"supplier_sku":"","barcode":null,"atum_controlled":true,"out_stock_date":null,"out_stock_threshold":null,"inheritable":true,"inbound_stock":0,"stock_on_hold":0,"sold_today":0,"sales_last_days":1,"reserved_stock":0,"customer_returns":0,"warehouse_damage":null,"lost_in_post":null,"other_logs":null,"out_stock_days":0,"lost_sales":0,"has_location":false,"update_date":"2026-05-16T21:23:07","atum_locations":[],"atum_stock_status":"instock","restock_status":false,"low_stock_amount":"","sales_update_date":"2026-05-16T21:23:07","calc_backorders":null,"acf":{"hide_in_france":false},"_links":{"self":[{"href":"https:\/\/omjuicers.fr\/fr\/wp-json\/wp\/v2\/product\/32504"}],"collection":[{"href":"https:\/\/omjuicers.fr\/fr\/wp-json\/wp\/v2\/product"}],"about":[{"href":"https:\/\/omjuicers.fr\/fr\/wp-json\/wp\/v2\/types\/product"}],"replies":[{"embeddable":true,"href":"https:\/\/omjuicers.fr\/fr\/wp-json\/wp\/v2\/comments?post=32504"}],"wp:featuredmedia":[{"embeddable":true,"href":"https:\/\/omjuicers.fr\/fr\/wp-json\/wp\/v2\/media\/32954"}],"wp:attachment":[{"href":"https:\/\/omjuicers.fr\/fr\/wp-json\/wp\/v2\/media?parent=32504"}],"wp:term":[{"taxonomy":"product_cat","embeddable":true,"href":"https:\/\/omjuicers.fr\/fr\/wp-json\/wp\/v2\/product_cat?post=32504"},{"taxonomy":"product_tag","embeddable":true,"href":"https:\/\/omjuicers.fr\/fr\/wp-json\/wp\/v2\/product_tag?post=32504"}],"curies":[{"name":"wp","href":"https:\/\/api.w.org\/{rel}","templated":true}]}}