{"id":32550,"date":"2023-01-31T15:44:48","date_gmt":"2023-01-31T14:44:48","guid":{"rendered":"https:\/\/omjuicers.fr\/?post_type=product&#038;p=32550"},"modified":"2026-04-07T21:01:29","modified_gmt":"2026-04-07T19:01:29","slug":"recipient-sous-vide-sana-de-1-5-litres-avec-pompe","status":"publish","type":"product","link":"https:\/\/omjuicers.fr\/fr\/product\/recipient-sous-vide-sana-de-1-5-litres-avec-pompe\/","title":{"rendered":"R\u00e9cipient sous vide Sana de 1.5 litres avec pompe"},"content":{"rendered":"<p>Les jus et les smoothies commencent \u00e0 s&rsquo;oxyder imm\u00e9diatement apr\u00e8s leur pr\u00e9paration. C&rsquo;est pourquoi ils doivent \u00eatre consomm\u00e9s d\u00e8s que possible. Lorsque cela n&rsquo;est pas possible, vous pouvez les conserver en frais en \u00e9liminant l&rsquo;air avec le r\u00e9cipient sous vide de Sana. Gr\u00e2ce \u00e0 la pompe incluse, l&rsquo;air est \u00e9vacu\u00e9 du r\u00e9cipient, ce qui permet de prolonger consid\u00e9rablement la dur\u00e9e de vie et la fra\u00eecheur de votre jus ou smoothie. Le r\u00e9cipient est sans BPA et peut \u00eatre lav\u00e9 au lave-vaisselle.<\/p>\n<h3>Conserver au r\u00e9frig\u00e9rateur<\/h3>\n<table class=\"responsive-727\">\n<tbody>\n<tr class=\"reverse\">\n<td style=\"padding-right: 20px;\" align=\"center\" width=\"300px !important\"><img fetchpriority=\"high\" decoding=\"async\" class=\"alignnone wp-image-32554 size-medium\" src=\"https:\/\/mlsfuhg7sobs.i.optimole.com\/cb:0KLq.257c9\/w:auto\/h:auto\/q:mauto\/f:best\/https:\/\/omjuicers.ch\/wp-content\/uploads\/2023\/01\/sana-vacuum-lid.webp\" alt=\"\" width=\"300\" height=\"225\" srcset=\"https:\/\/mlsfuhg7sobs.i.optimole.com\/cb:0KLq.257c9\/w:auto\/h:auto\/q:mauto\/f:best\/https:\/\/omjuicers.fr\/wp-content\/uploads\/sites\/2\/2023\/01\/sana-vacuum-lid.webp 800w, https:\/\/mlsfuhg7sobs.i.optimole.com\/cb:0KLq.257c9\/w:600\/h:450\/q:mauto\/f:best\/https:\/\/omjuicers.fr\/wp-content\/uploads\/sites\/2\/2023\/01\/sana-vacuum-lid.webp 600w, https:\/\/mlsfuhg7sobs.i.optimole.com\/cb:0KLq.257c9\/w:300\/h:225\/q:mauto\/f:best\/https:\/\/omjuicers.fr\/wp-content\/uploads\/sites\/2\/2023\/01\/sana-vacuum-lid.webp 300w, https:\/\/mlsfuhg7sobs.i.optimole.com\/cb:0KLq.257c9\/w:768\/h:576\/q:mauto\/f:best\/https:\/\/omjuicers.fr\/wp-content\/uploads\/sites\/2\/2023\/01\/sana-vacuum-lid.webp 768w, https:\/\/mlsfuhg7sobs.i.optimole.com\/cb:0KLq.257c9\/w:672\/h:504\/q:mauto\/f:best\/https:\/\/omjuicers.fr\/wp-content\/uploads\/sites\/2\/2023\/01\/sana-vacuum-lid.webp 672w, https:\/\/mlsfuhg7sobs.i.optimole.com\/cb:0KLq.257c9\/w:480\/h:360\/q:mauto\/f:best\/https:\/\/omjuicers.fr\/wp-content\/uploads\/sites\/2\/2023\/01\/sana-vacuum-lid.webp 480w\" sizes=\"(max-width: 300px) 100vw, 300px\" \/><\/td>\n<td>Pr\u00e9parez vos jus \u00e0 l\u2019avance en plus grande quantit\u00e9 et conservez-le sans oxydation <strong>jusqu\u2019\u00e0 3 jours au r\u00e9frig\u00e9rateur<\/strong>. Il gardera non seulement sa saveur mais \u00e9galement ses nutriments intacts.<\/p>\n<p>Pour garantir que le jus sous vide reste frais, assurez-vous de pomper l&rsquo;air apr\u00e8s avoir ouvert le r\u00e9cipient. Le r\u00e9cipient sous vide Sana a un cadran de calendrier dans le couvercle, vous pouvez donc enregistrer le mois et le jour o\u00f9 le jus a \u00e9t\u00e9 fait.<\/td>\n<\/tr>\n<\/tbody>\n<\/table>\n<h3>Facile \u00e0 utiliser<\/h3>\n<table class=\"responsive-727\">\n<tbody>\n<tr class=\"reverse\">\n<td style=\"padding-right: 20px;\" align=\"center\" width=\"300px !important\"><img fetchpriority=\"high\" decoding=\"async\" class=\"alignnone wp-image-32556 size-medium\" src=\"https:\/\/mlsfuhg7sobs.i.optimole.com\/cb:0KLq.257c9\/w:auto\/h:auto\/q:mauto\/f:best\/https:\/\/omjuicers.ch\/wp-content\/uploads\/2023\/01\/sana-vacuum-pump.webp\" alt=\"\" width=\"300\" height=\"225\" srcset=\"https:\/\/mlsfuhg7sobs.i.optimole.com\/cb:0KLq.257c9\/w:auto\/h:auto\/q:mauto\/f:best\/https:\/\/omjuicers.fr\/wp-content\/uploads\/sites\/2\/2023\/01\/sana-vacuum-pump.webp 800w, https:\/\/mlsfuhg7sobs.i.optimole.com\/cb:0KLq.257c9\/w:600\/h:450\/q:mauto\/f:best\/https:\/\/omjuicers.fr\/wp-content\/uploads\/sites\/2\/2023\/01\/sana-vacuum-pump.webp 600w, https:\/\/mlsfuhg7sobs.i.optimole.com\/cb:0KLq.257c9\/w:300\/h:225\/q:mauto\/f:best\/https:\/\/omjuicers.fr\/wp-content\/uploads\/sites\/2\/2023\/01\/sana-vacuum-pump.webp 300w, https:\/\/mlsfuhg7sobs.i.optimole.com\/cb:0KLq.257c9\/w:768\/h:576\/q:mauto\/f:best\/https:\/\/omjuicers.fr\/wp-content\/uploads\/sites\/2\/2023\/01\/sana-vacuum-pump.webp 768w, https:\/\/mlsfuhg7sobs.i.optimole.com\/cb:0KLq.257c9\/w:672\/h:504\/q:mauto\/f:best\/https:\/\/omjuicers.fr\/wp-content\/uploads\/sites\/2\/2023\/01\/sana-vacuum-pump.webp 672w, https:\/\/mlsfuhg7sobs.i.optimole.com\/cb:0KLq.257c9\/w:480\/h:360\/q:mauto\/f:best\/https:\/\/omjuicers.fr\/wp-content\/uploads\/sites\/2\/2023\/01\/sana-vacuum-pump.webp 480w\" sizes=\"(max-width: 300px) 100vw, 300px\" \/><\/td>\n<td>Le\u00a0r\u00e9cipient de stockage sous vide est facile \u00e0 utiliser. Une fois le jus extrait fermez le r\u00e9cipient avec le couvercle fourni, puis positionnez la pompe et\u00a0actionnez-la quelques fois pour \u00e9liminer l&rsquo;air. Recommencer apr\u00e8s chaque ouverture du r\u00e9cipient.<\/p>\n<p>Pour ouvrir le conteneur, appuyez sur la valve situ\u00e9e au centre du couvercle. Vous entendrez l&rsquo;air revenir \u00e0 l&rsquo;int\u00e9rieur.<\/td>\n<\/tr>\n<\/tbody>\n<\/table>\n","protected":false},"excerpt":{"rendered":"<p>R\u00e9cipient de grande capacit\u00e9 de 1500 ml. pour conserver le jus sous vide jusqu&rsquo;\u00e0 72 heures. Comprend une pompe \u00e0 vide.<\/p>\n","protected":false},"featured_media":33226,"comment_status":"closed","ping_status":"closed","template":"","meta":{"_acf_changed":false},"product_cat":[21,281],"product_tag":[296,311],"class_list":{"0":"post-32550","1":"product","2":"type-product","3":"status-publish","4":"has-post-thumbnail","6":"product_cat-accessoires","7":"product_cat-pieces-de-rechange","8":"product_tag-sana-fr","9":"product_tag-sana-848-fr","10":"product_shipping_class-parts","12":"first","13":"instock","14":"taxable","15":"shipping-taxable","16":"purchasable","17":"product-type-simple"},"supplier_id":31709,"supplier_sku":"","barcode":null,"atum_controlled":true,"out_stock_date":null,"out_stock_threshold":0,"inheritable":false,"inbound_stock":0,"stock_on_hold":0,"sold_today":0,"sales_last_days":0,"reserved_stock":0,"customer_returns":0,"warehouse_damage":null,"lost_in_post":null,"other_logs":null,"out_stock_days":0,"lost_sales":0,"has_location":false,"update_date":"2026-04-07T19:01:29","atum_locations":[],"atum_stock_status":"instock","restock_status":false,"low_stock_amount":"","sales_update_date":"2026-04-07T19:01:29","calc_backorders":null,"acf":{"hide_in_france":false},"_links":{"self":[{"href":"https:\/\/omjuicers.fr\/fr\/wp-json\/wp\/v2\/product\/32550"}],"collection":[{"href":"https:\/\/omjuicers.fr\/fr\/wp-json\/wp\/v2\/product"}],"about":[{"href":"https:\/\/omjuicers.fr\/fr\/wp-json\/wp\/v2\/types\/product"}],"replies":[{"embeddable":true,"href":"https:\/\/omjuicers.fr\/fr\/wp-json\/wp\/v2\/comments?post=32550"}],"wp:featuredmedia":[{"embeddable":true,"href":"https:\/\/omjuicers.fr\/fr\/wp-json\/wp\/v2\/media\/33226"}],"wp:attachment":[{"href":"https:\/\/omjuicers.fr\/fr\/wp-json\/wp\/v2\/media?parent=32550"}],"wp:term":[{"taxonomy":"product_cat","embeddable":true,"href":"https:\/\/omjuicers.fr\/fr\/wp-json\/wp\/v2\/product_cat?post=32550"},{"taxonomy":"product_tag","embeddable":true,"href":"https:\/\/omjuicers.fr\/fr\/wp-json\/wp\/v2\/product_tag?post=32550"}],"curies":[{"name":"wp","href":"https:\/\/api.w.org\/{rel}","templated":true}]}}