{"id":32775,"date":"2023-03-21T15:00:05","date_gmt":"2023-03-21T14:00:05","guid":{"rendered":"https:\/\/omjuicers.ch\/?post_type=product&#038;p=32775"},"modified":"2026-04-15T21:20:15","modified_gmt":"2026-04-15T19:20:15","slug":"extracteur-de-jus-sana-868","status":"publish","type":"product","link":"https:\/\/omjuicers.fr\/fr\/product\/extracteur-de-jus-sana-868\/","title":{"rendered":"Extracteur de jus Sana 868"},"content":{"rendered":"<h3>Le plus grand tube d\u2019alimentation jamais cr\u00e9\u00e9<\/h3>\n<table class=\"responsive-727\">\n<tbody>\n<tr>\n<td>Les gens nous demandent souvent : \u00ab\u00a0Pourquoi les tubes d&rsquo;alimentation des extracteurs de jus ne sont-ils pas plus larges ?\u00a0\u00bb La r\u00e9ponse r\u00e9side dans les r\u00e9glementations de s\u00e9curit\u00e9. Selon la loi, les extracteurs de jus ne peuvent avoir que des tubes d&rsquo;alimentation \u00e9troits pour emp\u00eacher les enfants d&rsquo;y mettre les mains. Ainsi, l&rsquo;un des d\u00e9fis de la r\u00e9alisation de jus est de couper les aliments en morceaux suffisamment petits pour qu&rsquo;ils puissent \u00eatre ins\u00e9r\u00e9s dans le tube d&rsquo;alimentation. Le Sana 868 r\u00e9sout ce probl\u00e8me gr\u00e2ce \u00e0 un syst\u00e8me de trappe brevet\u00e9 qui emp\u00eache toute main curieuse de se glisser dans l&rsquo;extracteur de jus, tout en \u00e9tant suffisamment large pour permettre l&rsquo;insertion de gros morceaux de fruits et l\u00e9gumes entiers. Vous pouvez d\u00e9sormais ins\u00e9rer de gros morceaux de carottes, des poign\u00e9es de feuilles vertes, voire des pommes enti\u00e8res. Int\u00e9gr\u00e9 \u00e0 la trappe se trouve un tube d&rsquo;alimentation circulaire pour l&rsquo;alimentation directe des branches de c\u00e9leri, des carottes plus petites et d&rsquo;autres produits \u00e9troits.<\/td>\n<td style=\"padding-left: 20px;\" align=\"center\" width=\"300px !important\"><img fetchpriority=\"high\" decoding=\"async\" class=\"alignnone wp-image-32793 size-medium\" src=\"https:\/\/mlsfuhg7sobs.i.optimole.com\/cb:0KLq.257c9\/w:300\/h:300\/q:mauto\/rt:fill\/g:ce\/f:best\/https:\/\/omjuicers.ch\/wp-content\/uploads\/2023\/03\/sana-868-black-feeding.webp\" alt=\"\" width=\"300\" height=\"300\" srcset=\"https:\/\/mlsfuhg7sobs.i.optimole.com\/cb:0KLq.257c9\/w:300\/h:300\/q:mauto\/rt:fill\/g:ce\/f:best\/https:\/\/omjuicers.fr\/wp-content\/uploads\/sites\/2\/2023\/03\/sana-868-black-feeding.webp 300w, https:\/\/mlsfuhg7sobs.i.optimole.com\/cb:0KLq.257c9\/w:100\/h:100\/q:mauto\/rt:fill\/g:ce\/f:best\/https:\/\/omjuicers.fr\/wp-content\/uploads\/sites\/2\/2023\/03\/sana-868-black-feeding.webp 100w, https:\/\/mlsfuhg7sobs.i.optimole.com\/cb:0KLq.257c9\/w:600\/h:600\/q:mauto\/f:best\/https:\/\/omjuicers.fr\/wp-content\/uploads\/sites\/2\/2023\/03\/sana-868-black-feeding.webp 600w, https:\/\/mlsfuhg7sobs.i.optimole.com\/cb:0KLq.257c9\/w:1024\/h:1024\/q:mauto\/f:best\/https:\/\/omjuicers.fr\/wp-content\/uploads\/sites\/2\/2023\/03\/sana-868-black-feeding.webp 1024w, https:\/\/mlsfuhg7sobs.i.optimole.com\/cb:0KLq.257c9\/w:150\/h:150\/q:mauto\/rt:fill\/g:ce\/f:best\/https:\/\/omjuicers.fr\/wp-content\/uploads\/sites\/2\/2023\/03\/sana-868-black-feeding.webp 150w, https:\/\/mlsfuhg7sobs.i.optimole.com\/cb:0KLq.257c9\/w:768\/h:768\/q:mauto\/f:best\/https:\/\/omjuicers.fr\/wp-content\/uploads\/sites\/2\/2023\/03\/sana-868-black-feeding.webp 768w, https:\/\/mlsfuhg7sobs.i.optimole.com\/cb:0KLq.257c9\/w:672\/h:672\/q:mauto\/f:best\/https:\/\/omjuicers.fr\/wp-content\/uploads\/sites\/2\/2023\/03\/sana-868-black-feeding.webp 672w, https:\/\/mlsfuhg7sobs.i.optimole.com\/cb:0KLq.257c9\/w:1038\/h:1038\/q:mauto\/f:best\/https:\/\/omjuicers.fr\/wp-content\/uploads\/sites\/2\/2023\/03\/sana-868-black-feeding.webp 1038w, https:\/\/mlsfuhg7sobs.i.optimole.com\/cb:0KLq.257c9\/w:480\/h:480\/q:mauto\/f:best\/https:\/\/omjuicers.fr\/wp-content\/uploads\/sites\/2\/2023\/03\/sana-868-black-feeding.webp 480w, https:\/\/mlsfuhg7sobs.i.optimole.com\/cb:0KLq.257c9\/w:auto\/h:auto\/q:mauto\/f:best\/https:\/\/omjuicers.fr\/wp-content\/uploads\/sites\/2\/2023\/03\/sana-868-black-feeding.webp 1200w\" sizes=\"(max-width: 300px) 100vw, 300px\" \/><\/td>\n<\/tr>\n<\/tbody>\n<\/table>\n<h3>Moteur puissant<\/h3>\n<table class=\"responsive-727\">\n<tbody>\n<tr class=\"reverse\">\n<td style=\"padding-right: 20px;\" align=\"center\" width=\"300px !important\"><img fetchpriority=\"high\" decoding=\"async\" class=\"alignnone wp-image-32789 size-medium\" src=\"https:\/\/mlsfuhg7sobs.i.optimole.com\/cb:0KLq.257c9\/w:auto\/h:auto\/q:mauto\/f:best\/https:\/\/omjuicers.ch\/wp-content\/uploads\/2023\/03\/sana-868-black-back.webp\" alt=\"\" width=\"300\" height=\"165\" srcset=\"https:\/\/mlsfuhg7sobs.i.optimole.com\/cb:0KLq.257c9\/w:auto\/h:auto\/q:mauto\/f:best\/https:\/\/omjuicers.fr\/wp-content\/uploads\/sites\/2\/2023\/03\/sana-868-black-back.webp 1200w, https:\/\/mlsfuhg7sobs.i.optimole.com\/cb:0KLq.257c9\/w:600\/h:331\/q:mauto\/f:best\/https:\/\/omjuicers.fr\/wp-content\/uploads\/sites\/2\/2023\/03\/sana-868-black-back.webp 600w, https:\/\/mlsfuhg7sobs.i.optimole.com\/cb:0KLq.257c9\/w:300\/h:165\/q:mauto\/f:best\/https:\/\/omjuicers.fr\/wp-content\/uploads\/sites\/2\/2023\/03\/sana-868-black-back.webp 300w, https:\/\/mlsfuhg7sobs.i.optimole.com\/cb:0KLq.257c9\/w:1024\/h:564\/q:mauto\/f:best\/https:\/\/omjuicers.fr\/wp-content\/uploads\/sites\/2\/2023\/03\/sana-868-black-back.webp 1024w, https:\/\/mlsfuhg7sobs.i.optimole.com\/cb:0KLq.257c9\/w:768\/h:423\/q:mauto\/f:best\/https:\/\/omjuicers.fr\/wp-content\/uploads\/sites\/2\/2023\/03\/sana-868-black-back.webp 768w, https:\/\/mlsfuhg7sobs.i.optimole.com\/cb:0KLq.257c9\/w:672\/h:370\/q:mauto\/f:best\/https:\/\/omjuicers.fr\/wp-content\/uploads\/sites\/2\/2023\/03\/sana-868-black-back.webp 672w, https:\/\/mlsfuhg7sobs.i.optimole.com\/cb:0KLq.257c9\/w:1038\/h:572\/q:mauto\/f:best\/https:\/\/omjuicers.fr\/wp-content\/uploads\/sites\/2\/2023\/03\/sana-868-black-back.webp 1038w, https:\/\/mlsfuhg7sobs.i.optimole.com\/cb:0KLq.257c9\/w:480\/h:264\/q:mauto\/f:best\/https:\/\/omjuicers.fr\/wp-content\/uploads\/sites\/2\/2023\/03\/sana-868-black-back.webp 480w\" sizes=\"(max-width: 300px) 100vw, 300px\" \/><\/td>\n<td>Bien s\u00fbr, un large tube d&rsquo;alimentation ne sert \u00e0 rien si l&rsquo;extracteur de jus se bloque avec ces gros morceaux d\u2019aliments. C&rsquo;est pourquoi nous avons plac\u00e9 notre moteur le plus puissant dans le Sana 868. Avec ses 240 watts, il a la force n\u00e9cessaire pour broyer de gros morceaux de carottes ou de grosses tranches de courge. La vis sans fin extra-large et la chambre d\u2019extraction renforc\u00e9e correspondent au moteur en termes de robustesse et de durabilit\u00e9, garantissant une extraction constant et sans probl\u00e8me \u00e0 chaque utilisation.<\/td>\n<\/tr>\n<\/tbody>\n<\/table>\n<h3>Extraction de nouvelle g\u00e9n\u00e9ration<\/h3>\n<table class=\"responsive-727\">\n<tbody>\n<tr>\n<td>La nouvelle chambre d\u2019extraction est con\u00e7ue pour un rendement maximal et un nettoyage facile. Le moteur puissant fonctionne \u00e0 une vitesse douce de 50 tours \/minute, permettant d&rsquo;extraire le plus de jus possible de chaque type de produit. La sortie de pulpe large est ouverte sur le dessus pour un nettoyage facile, et une brosse de nettoyage sp\u00e9ciale se clipse sur l&rsquo;\u00e9cran de pressage pour \u00e9liminer rapidement tous les petits morceaux de pulpe.<\/td>\n<td style=\"padding-left: 20px;\" align=\"center\" width=\"300px !important\"><img fetchpriority=\"high\" decoding=\"async\" class=\"alignnone wp-image-32787 size-medium\" src=\"https:\/\/mlsfuhg7sobs.i.optimole.com\/cb:0KLq.257c9\/w:auto\/h:auto\/q:mauto\/f:best\/https:\/\/omjuicers.ch\/wp-content\/uploads\/2023\/03\/sana-868-red-chamber.webp\" alt=\"\" width=\"300\" height=\"200\" srcset=\"https:\/\/mlsfuhg7sobs.i.optimole.com\/cb:0KLq.257c9\/w:auto\/h:auto\/q:mauto\/f:best\/https:\/\/omjuicers.fr\/wp-content\/uploads\/sites\/2\/2023\/03\/sana-868-red-chamber.webp 1200w, https:\/\/mlsfuhg7sobs.i.optimole.com\/cb:0KLq.257c9\/w:600\/h:400\/q:mauto\/f:best\/https:\/\/omjuicers.fr\/wp-content\/uploads\/sites\/2\/2023\/03\/sana-868-red-chamber.webp 600w, https:\/\/mlsfuhg7sobs.i.optimole.com\/cb:0KLq.257c9\/w:300\/h:200\/q:mauto\/f:best\/https:\/\/omjuicers.fr\/wp-content\/uploads\/sites\/2\/2023\/03\/sana-868-red-chamber.webp 300w, https:\/\/mlsfuhg7sobs.i.optimole.com\/cb:0KLq.257c9\/w:1024\/h:683\/q:mauto\/f:best\/https:\/\/omjuicers.fr\/wp-content\/uploads\/sites\/2\/2023\/03\/sana-868-red-chamber.webp 1024w, https:\/\/mlsfuhg7sobs.i.optimole.com\/cb:0KLq.257c9\/w:768\/h:512\/q:mauto\/f:best\/https:\/\/omjuicers.fr\/wp-content\/uploads\/sites\/2\/2023\/03\/sana-868-red-chamber.webp 768w, https:\/\/mlsfuhg7sobs.i.optimole.com\/cb:0KLq.257c9\/w:672\/h:448\/q:mauto\/f:best\/https:\/\/omjuicers.fr\/wp-content\/uploads\/sites\/2\/2023\/03\/sana-868-red-chamber.webp 672w, https:\/\/mlsfuhg7sobs.i.optimole.com\/cb:0KLq.257c9\/w:1038\/h:692\/q:mauto\/f:best\/https:\/\/omjuicers.fr\/wp-content\/uploads\/sites\/2\/2023\/03\/sana-868-red-chamber.webp 1038w, https:\/\/mlsfuhg7sobs.i.optimole.com\/cb:0KLq.257c9\/w:480\/h:320\/q:mauto\/f:best\/https:\/\/omjuicers.fr\/wp-content\/uploads\/sites\/2\/2023\/03\/sana-868-red-chamber.webp 480w\" sizes=\"(max-width: 300px) 100vw, 300px\" \/><\/td>\n<\/tr>\n<\/tbody>\n<\/table>\n<h3>Quatre tamis pour une polyvalence maximale<\/h3>\n<table class=\"responsive-727\">\n<tbody>\n<tr class=\"reverse\">\n<td style=\"padding-right: 20px;\" align=\"center\" width=\"300px !important\"><img data-opt-src=\"https:\/\/mlsfuhg7sobs.i.optimole.com\/cb:0KLq.257c9\/w:auto\/h:auto\/q:mauto\/f:best\/https:\/\/omjuicers.ch\/wp-content\/uploads\/2023\/03\/sana-868-filters.webp\"  decoding=\"async\" class=\"alignnone wp-image-32795 size-medium\" src=\"https:\/\/mlsfuhg7sobs.i.optimole.com\/cb:0KLq.257c9\/w:auto\/h:auto\/q:eco\/f:best\/https:\/\/omjuicers.ch\/wp-content\/uploads\/2023\/03\/sana-868-filters.webp\" alt=\"\" width=\"300\" height=\"155\" old-srcset=\"https:\/\/mlsfuhg7sobs.i.optimole.com\/cb:0KLq.257c9\/w:auto\/h:auto\/q:mauto\/f:best\/https:\/\/omjuicers.fr\/wp-content\/uploads\/sites\/2\/2023\/03\/sana-868-filters.webp 1200w, https:\/\/mlsfuhg7sobs.i.optimole.com\/cb:0KLq.257c9\/w:600\/h:310\/q:mauto\/f:best\/https:\/\/omjuicers.fr\/wp-content\/uploads\/sites\/2\/2023\/03\/sana-868-filters.webp 600w, https:\/\/mlsfuhg7sobs.i.optimole.com\/cb:0KLq.257c9\/w:300\/h:155\/q:mauto\/f:best\/https:\/\/omjuicers.fr\/wp-content\/uploads\/sites\/2\/2023\/03\/sana-868-filters.webp 300w, https:\/\/mlsfuhg7sobs.i.optimole.com\/cb:0KLq.257c9\/w:1024\/h:528\/q:mauto\/f:best\/https:\/\/omjuicers.fr\/wp-content\/uploads\/sites\/2\/2023\/03\/sana-868-filters.webp 1024w, https:\/\/mlsfuhg7sobs.i.optimole.com\/cb:0KLq.257c9\/w:768\/h:396\/q:mauto\/f:best\/https:\/\/omjuicers.fr\/wp-content\/uploads\/sites\/2\/2023\/03\/sana-868-filters.webp 768w, https:\/\/mlsfuhg7sobs.i.optimole.com\/cb:0KLq.257c9\/w:672\/h:347\/q:mauto\/f:best\/https:\/\/omjuicers.fr\/wp-content\/uploads\/sites\/2\/2023\/03\/sana-868-filters.webp 672w, https:\/\/mlsfuhg7sobs.i.optimole.com\/cb:0KLq.257c9\/w:1038\/h:535\/q:mauto\/f:best\/https:\/\/omjuicers.fr\/wp-content\/uploads\/sites\/2\/2023\/03\/sana-868-filters.webp 1038w, https:\/\/mlsfuhg7sobs.i.optimole.com\/cb:0KLq.257c9\/w:480\/h:248\/q:mauto\/f:best\/https:\/\/omjuicers.fr\/wp-content\/uploads\/sites\/2\/2023\/03\/sana-868-filters.webp 480w\" \/><noscript><img decoding=\"async\" class=\"alignnone wp-image-32795 size-medium\" src=\"https:\/\/mlsfuhg7sobs.i.optimole.com\/cb:0KLq.257c9\/w:auto\/h:auto\/q:mauto\/f:best\/https:\/\/omjuicers.ch\/wp-content\/uploads\/2023\/03\/sana-868-filters.webp\" alt=\"\" width=\"300\" height=\"155\" srcset=\"https:\/\/mlsfuhg7sobs.i.optimole.com\/cb:0KLq.257c9\/w:auto\/h:auto\/q:mauto\/f:best\/https:\/\/omjuicers.fr\/wp-content\/uploads\/sites\/2\/2023\/03\/sana-868-filters.webp 1200w, https:\/\/mlsfuhg7sobs.i.optimole.com\/cb:0KLq.257c9\/w:600\/h:310\/q:mauto\/f:best\/https:\/\/omjuicers.fr\/wp-content\/uploads\/sites\/2\/2023\/03\/sana-868-filters.webp 600w, https:\/\/mlsfuhg7sobs.i.optimole.com\/cb:0KLq.257c9\/w:300\/h:155\/q:mauto\/f:best\/https:\/\/omjuicers.fr\/wp-content\/uploads\/sites\/2\/2023\/03\/sana-868-filters.webp 300w, https:\/\/mlsfuhg7sobs.i.optimole.com\/cb:0KLq.257c9\/w:1024\/h:528\/q:mauto\/f:best\/https:\/\/omjuicers.fr\/wp-content\/uploads\/sites\/2\/2023\/03\/sana-868-filters.webp 1024w, https:\/\/mlsfuhg7sobs.i.optimole.com\/cb:0KLq.257c9\/w:768\/h:396\/q:mauto\/f:best\/https:\/\/omjuicers.fr\/wp-content\/uploads\/sites\/2\/2023\/03\/sana-868-filters.webp 768w, https:\/\/mlsfuhg7sobs.i.optimole.com\/cb:0KLq.257c9\/w:672\/h:347\/q:mauto\/f:best\/https:\/\/omjuicers.fr\/wp-content\/uploads\/sites\/2\/2023\/03\/sana-868-filters.webp 672w, https:\/\/mlsfuhg7sobs.i.optimole.com\/cb:0KLq.257c9\/w:1038\/h:535\/q:mauto\/f:best\/https:\/\/omjuicers.fr\/wp-content\/uploads\/sites\/2\/2023\/03\/sana-868-filters.webp 1038w, https:\/\/mlsfuhg7sobs.i.optimole.com\/cb:0KLq.257c9\/w:480\/h:248\/q:mauto\/f:best\/https:\/\/omjuicers.fr\/wp-content\/uploads\/sites\/2\/2023\/03\/sana-868-filters.webp 480w\" sizes=\"(max-width: 300px) 100vw, 300px\" \/></noscript><\/td>\n<td>La plupart des extracteurs de jus verticaux ne comprennent qu&rsquo;un ou deux tamis. Le Sana 868 en comprend quatre, ce qui en fait bien plus qu&rsquo;un simple extracteur de jus :<\/p>\n<ul>\n<li><strong>Tamis fin <\/strong>: C&rsquo;est ce qui est utilis\u00e9 pour obtenir le rendement de jus le plus \u00e9lev\u00e9 sur la plupart des fruits et l\u00e9gumes. Des centaines de micro-perforations dans un \u00e9cran en acier inoxydable garantissent la quantit\u00e9 de pression optimale pour une meilleure qualit\u00e9 de jus.<\/li>\n<li><strong>Tamis grossier <\/strong>: Certains fruits plus tendres tels que l&rsquo;ananas, les baies et les pommes tendres peuvent se bloquer dans un tamis avec des mailles fines. Le tamis grossier a des trous plus grands pour moins de pression et une extraction plus douce des fruits plus tendres.<\/li>\n<li><strong>Tamis \u00e0 smoothie<\/strong> : Cela transforme l\u2019extracteur de jus en un blender \u00e0 smoothie \u00e0 basse vitesse. Le tamis presse les fruits et l\u00e9gumes, puis m\u00e9lange la pulpe dans le jus. Les blenders fonctionnent jusqu&rsquo;\u00e0 20\u2019000 tours \/ minute, injectant de l&rsquo;air et cr\u00e9ant de la mousse, de la s\u00e9paration et une perte de nutriments. Le 868 fonctionne \u00e0 seulement 50 tours \/ minute, cr\u00e9ant le smoothie le plus nutritif que vous ayez jamais go\u00fbt\u00e9.<\/li>\n<li><strong> Filtre \u00e0 sorbet<\/strong> : En utilisant des fruits congel\u00e9s l\u00e9g\u00e8rement d\u00e9congel\u00e9s, une grande vari\u00e9t\u00e9 de desserts glac\u00e9es peut \u00eatre pr\u00e9par\u00e9e. Faites un sorbet lisse \u00e0 la p\u00eache avec des p\u00eaches congel\u00e9es. Traitez les baies pour une glace glac\u00e9e d\u00e9licieuse. Ou pr\u00e9parez un dessert ressemblant \u00e0 de la \u00ab\u00a0cr\u00e8me glac\u00e9e\u00a0\u00bb en m\u00e9langeant des bananes congel\u00e9es avec des baies, des mangues, des fruits tropicaux et plus encore.<\/li>\n<\/ul>\n<\/td>\n<\/tr>\n<\/tbody>\n<\/table>\n<h3>R\u00e9cipients haut de gamme<\/h3>\n<table class=\"responsive-727\">\n<tbody>\n<tr>\n<td>Le fabriquant Sana est bien connu pour \u00e9quiper ses extracteurs de jus avec des r\u00e9cipients de qualit\u00e9 sup\u00e9rieure pour le jus et la pulpe. Et le Sana 868 poursuit cette tradition:<\/p>\n<ul>\n<li><strong>Pichet \u00e0 jus<\/strong> : Fabriqu\u00e9 en verre borosilicat\u00e9 tremp\u00e9 de qualit\u00e9 sup\u00e9rieure, le pichet \u00e0 jus Sana 868 a une capacit\u00e9 extra-large de 1500 ml. Il est parfait pour faire de grandes quantit\u00e9s de jus pour une consommation ult\u00e9rieure et une alternative plus saine au contenant en plastique typique.<\/li>\n<li><strong>R\u00e9cipient \u00e0 pulpe<\/strong> : Notre r\u00e9cipient \u00e0 pulpe de grande capacit\u00e9 est en acier inoxydable \u00e0 100%. Contrairement aux r\u00e9cipients en plastique qui se d\u00e9colorent et deviennent cassants avec le temps, notre r\u00e9cipient en acier inoxydable pour la pulpe aura toujours l&rsquo;air neuf. Et parce qu&rsquo;il est en acier inoxydable de qualit\u00e9 alimentaire, il est id\u00e9al pour ceux qui aiment utiliser la pulpe pour des recettes comme des muffins, du pain et des crackers.<\/li>\n<\/ul>\n<\/td>\n<td style=\"padding-left: 20px;\" align=\"center\" width=\"300px !important\"><img data-opt-src=\"https:\/\/mlsfuhg7sobs.i.optimole.com\/cb:0KLq.257c9\/w:auto\/h:auto\/q:mauto\/f:best\/https:\/\/omjuicers.ch\/wp-content\/uploads\/2023\/03\/sana-868-juice.webp\"  decoding=\"async\" class=\"alignnone wp-image-32797 size-medium\" src=\"https:\/\/mlsfuhg7sobs.i.optimole.com\/cb:0KLq.257c9\/w:auto\/h:auto\/q:eco\/f:best\/https:\/\/omjuicers.ch\/wp-content\/uploads\/2023\/03\/sana-868-juice.webp\" alt=\"\" width=\"300\" height=\"188\" old-srcset=\"https:\/\/mlsfuhg7sobs.i.optimole.com\/cb:0KLq.257c9\/w:auto\/h:auto\/q:mauto\/f:best\/https:\/\/omjuicers.fr\/wp-content\/uploads\/sites\/2\/2023\/03\/sana-868-juice.webp 1200w, https:\/\/mlsfuhg7sobs.i.optimole.com\/cb:0KLq.257c9\/w:600\/h:377\/q:mauto\/f:best\/https:\/\/omjuicers.fr\/wp-content\/uploads\/sites\/2\/2023\/03\/sana-868-juice.webp 600w, https:\/\/mlsfuhg7sobs.i.optimole.com\/cb:0KLq.257c9\/w:300\/h:188\/q:mauto\/f:best\/https:\/\/omjuicers.fr\/wp-content\/uploads\/sites\/2\/2023\/03\/sana-868-juice.webp 300w, https:\/\/mlsfuhg7sobs.i.optimole.com\/cb:0KLq.257c9\/w:1024\/h:643\/q:mauto\/f:best\/https:\/\/omjuicers.fr\/wp-content\/uploads\/sites\/2\/2023\/03\/sana-868-juice.webp 1024w, https:\/\/mlsfuhg7sobs.i.optimole.com\/cb:0KLq.257c9\/w:768\/h:482\/q:mauto\/f:best\/https:\/\/omjuicers.fr\/wp-content\/uploads\/sites\/2\/2023\/03\/sana-868-juice.webp 768w, https:\/\/mlsfuhg7sobs.i.optimole.com\/cb:0KLq.257c9\/w:672\/h:422\/q:mauto\/f:best\/https:\/\/omjuicers.fr\/wp-content\/uploads\/sites\/2\/2023\/03\/sana-868-juice.webp 672w, https:\/\/mlsfuhg7sobs.i.optimole.com\/cb:0KLq.257c9\/w:1038\/h:651\/q:mauto\/f:best\/https:\/\/omjuicers.fr\/wp-content\/uploads\/sites\/2\/2023\/03\/sana-868-juice.webp 1038w, https:\/\/mlsfuhg7sobs.i.optimole.com\/cb:0KLq.257c9\/w:480\/h:301\/q:mauto\/f:best\/https:\/\/omjuicers.fr\/wp-content\/uploads\/sites\/2\/2023\/03\/sana-868-juice.webp 480w\" \/><noscript><img decoding=\"async\" class=\"alignnone wp-image-32797 size-medium\" src=\"https:\/\/mlsfuhg7sobs.i.optimole.com\/cb:0KLq.257c9\/w:auto\/h:auto\/q:mauto\/f:best\/https:\/\/omjuicers.ch\/wp-content\/uploads\/2023\/03\/sana-868-juice.webp\" alt=\"\" width=\"300\" height=\"188\" srcset=\"https:\/\/mlsfuhg7sobs.i.optimole.com\/cb:0KLq.257c9\/w:auto\/h:auto\/q:mauto\/f:best\/https:\/\/omjuicers.fr\/wp-content\/uploads\/sites\/2\/2023\/03\/sana-868-juice.webp 1200w, https:\/\/mlsfuhg7sobs.i.optimole.com\/cb:0KLq.257c9\/w:600\/h:377\/q:mauto\/f:best\/https:\/\/omjuicers.fr\/wp-content\/uploads\/sites\/2\/2023\/03\/sana-868-juice.webp 600w, https:\/\/mlsfuhg7sobs.i.optimole.com\/cb:0KLq.257c9\/w:300\/h:188\/q:mauto\/f:best\/https:\/\/omjuicers.fr\/wp-content\/uploads\/sites\/2\/2023\/03\/sana-868-juice.webp 300w, https:\/\/mlsfuhg7sobs.i.optimole.com\/cb:0KLq.257c9\/w:1024\/h:643\/q:mauto\/f:best\/https:\/\/omjuicers.fr\/wp-content\/uploads\/sites\/2\/2023\/03\/sana-868-juice.webp 1024w, https:\/\/mlsfuhg7sobs.i.optimole.com\/cb:0KLq.257c9\/w:768\/h:482\/q:mauto\/f:best\/https:\/\/omjuicers.fr\/wp-content\/uploads\/sites\/2\/2023\/03\/sana-868-juice.webp 768w, https:\/\/mlsfuhg7sobs.i.optimole.com\/cb:0KLq.257c9\/w:672\/h:422\/q:mauto\/f:best\/https:\/\/omjuicers.fr\/wp-content\/uploads\/sites\/2\/2023\/03\/sana-868-juice.webp 672w, https:\/\/mlsfuhg7sobs.i.optimole.com\/cb:0KLq.257c9\/w:1038\/h:651\/q:mauto\/f:best\/https:\/\/omjuicers.fr\/wp-content\/uploads\/sites\/2\/2023\/03\/sana-868-juice.webp 1038w, https:\/\/mlsfuhg7sobs.i.optimole.com\/cb:0KLq.257c9\/w:480\/h:301\/q:mauto\/f:best\/https:\/\/omjuicers.fr\/wp-content\/uploads\/sites\/2\/2023\/03\/sana-868-juice.webp 480w\" sizes=\"(max-width: 300px) 100vw, 300px\" \/></noscript><\/td>\n<\/tr>\n<\/tbody>\n<\/table>\n<h3>Caract\u00e9ristiques principales<\/h3>\n<ul>\n<li><strong>Mode d&#8217;emploi disponible uniquement en anglais pour le moment !<\/strong><\/li>\n<li>Ouverture extra large de 82mm &#8211; besoin minimal de d\u00e9coupe des produits<\/li>\n<li>Tube d&rsquo;alimentation avec trappe &#8211; seuls les produits entrent dans l\u2019extracteur<\/li>\n<li>Puissant moteur de 240 watts pour extraire le jus des aliments les plus durs<\/li>\n<li>Chambre d\u2019extraction renforc\u00e9e con\u00e7ue pour traiter tous les aliments<\/li>\n<li>Racleurs en silicone int\u00e9gr\u00e9s pour maintenir les tamis d\u2019extraction propres<\/li>\n<li>Comprend 3 brosses de nettoyage et une cl\u00e9 de tambour de jus<\/li>\n<li>Les tamis d\u2019extractions fins et grossiers permettent une extraction optimale des produits durs et mous<\/li>\n<li>Le tamis \u00e0 smoothie transforme l\u2019extracteur en blender \u00e0 faible vitesse pour des smoothies plus sains<\/li>\n<li>Le filtre \u00e0 sorbet permet \u00e0 l\u2019extracteur de r\u00e9aliser une grande vari\u00e9t\u00e9 de desserts glac\u00e9s<\/li>\n<li>Le pichet \u00e0 jus en verre tremp\u00e9 peut contenir 1500 ml de jus press\u00e9 \u00e0 froid<\/li>\n<li>Le grand r\u00e9cipient \u00e0 pulpe est en acier inoxydable de qualit\u00e9 alimentaire<\/li>\n<li>Fabriqu\u00e9 en Cor\u00e9e du Sud \u00e0 partir de composants de qualit\u00e9 sup\u00e9rieure<\/li>\n<\/ul>\n<h3><\/h3>\n<h3>En vid\u00e9o<\/h3>\n<p>Dans cette vid\u00e9o, le fabriquant nous pr\u00e9sente le Sana 868.<br \/>\n<iframe title=\"YouTube video player\" src=\"https:\/\/www.youtube.com\/embed\/atTGPXUTkHI\" width=\"560\" height=\"315\" frameborder=\"0\" allowfullscreen=\"allowfullscreen\"><\/iframe><\/p>\n","protected":false},"excerpt":{"rendered":"<p>Con\u00e7u pour un jus rapide et facile, le Sana 868 dispose du plus large tube d&rsquo;alimentation disponible sur un extracteur de jus lent. Avec un moteur \u00e0 couple \u00e9lev\u00e9 et une chambre d\u2019extraction de jus renforc\u00e9e, le Sana 868 vous permet de passer moins de temps \u00e0 couper les fruits et l\u00e9gumes. Quatre tamis diff\u00e9rents en font l&rsquo;extracteur de jus vertical le plus polyvalent de la marque Sana.<\/p>\n","protected":false},"featured_media":32942,"comment_status":"open","ping_status":"closed","template":"","meta":{"_acf_changed":false},"product_cat":[15,318,24],"product_tag":[296],"class_list":{"0":"post-32775","1":"product","2":"type-product","3":"status-publish","4":"has-post-thumbnail","6":"product_cat-extracteurs-de-jus","7":"product_cat-vertical","8":"product_cat-haut-de-gamme","9":"product_tag-sana-fr","10":"product_shipping_class-juicer","12":"first","13":"instock","14":"sale","15":"taxable","16":"shipping-taxable","17":"purchasable","18":"product-type-variable","19":"has-default-attributes"},"supplier_id":null,"supplier_sku":"","barcode":null,"atum_controlled":true,"out_stock_date":null,"out_stock_threshold":null,"inheritable":true,"inbound_stock":0,"stock_on_hold":0,"sold_today":0,"sales_last_days":0,"reserved_stock":0,"customer_returns":0,"warehouse_damage":null,"lost_in_post":null,"other_logs":null,"out_stock_days":0,"lost_sales":0,"has_location":false,"update_date":"2026-04-15T19:20:13","atum_locations":[],"atum_stock_status":"instock","restock_status":false,"low_stock_amount":"","sales_update_date":"2026-04-15T19:20:13","calc_backorders":null,"acf":{"hide_in_france":false},"_links":{"self":[{"href":"https:\/\/omjuicers.fr\/fr\/wp-json\/wp\/v2\/product\/32775"}],"collection":[{"href":"https:\/\/omjuicers.fr\/fr\/wp-json\/wp\/v2\/product"}],"about":[{"href":"https:\/\/omjuicers.fr\/fr\/wp-json\/wp\/v2\/types\/product"}],"replies":[{"embeddable":true,"href":"https:\/\/omjuicers.fr\/fr\/wp-json\/wp\/v2\/comments?post=32775"}],"wp:featuredmedia":[{"embeddable":true,"href":"https:\/\/omjuicers.fr\/fr\/wp-json\/wp\/v2\/media\/32942"}],"wp:attachment":[{"href":"https:\/\/omjuicers.fr\/fr\/wp-json\/wp\/v2\/media?parent=32775"}],"wp:term":[{"taxonomy":"product_cat","embeddable":true,"href":"https:\/\/omjuicers.fr\/fr\/wp-json\/wp\/v2\/product_cat?post=32775"},{"taxonomy":"product_tag","embeddable":true,"href":"https:\/\/omjuicers.fr\/fr\/wp-json\/wp\/v2\/product_tag?post=32775"}],"curies":[{"name":"wp","href":"https:\/\/api.w.org\/{rel}","templated":true}]}}