{"id":33065,"date":"2024-05-08T16:02:55","date_gmt":"2024-05-08T14:02:55","guid":{"rendered":"https:\/\/omjuicers.fr\/product\/extracteur-de-jus-sana-878\/"},"modified":"2025-12-15T20:49:29","modified_gmt":"2025-12-15T19:49:29","slug":"extracteur-de-jus-sana-878","status":"publish","type":"product","link":"https:\/\/omjuicers.fr\/fr\/product\/extracteur-de-jus-sana-878\/","title":{"rendered":"Extracteur de jus Sana 878"},"content":{"rendered":"<p>Cet extracteur est v\u00e9ritablement con\u00e7u pour une op\u00e9ration \u00ab\u00a0pr\u00e9parez et continuez votre journ\u00e9e\u00a0\u00bb. Il suffit de remplir le r\u00e9cipient de 2 litres avec des ingr\u00e9dients, de d\u00e9marrer l&rsquo;extracteur et de vous consacrer \u00e0 vos autres activit\u00e9s. La conservation sous vide assure une fra\u00eecheur optimale de votre jus, en pr\u00e9servant ses valeurs nutritionnelles jusqu&rsquo;\u00e0 3 jours.<\/p>\n<h3>Auto-alimentation<\/h3>\n<table class=\"responsive-727\">\n<tbody>\n<tr>\n<td>Pourquoi ins\u00e9rer chaque morceau de fruit ou l\u00e9gume manuellement quand le Sana 878 peut s&rsquo;en charger automatiquement ? Remplissez simplement le grand r\u00e9cipient automatique de 2 litres avec vos fruits et l\u00e9gumes pr\u00e9f\u00e9r\u00e9s, activez l&rsquo;extracteur, et laissez-le travailler pendant que vous vaquez \u00e0 vos occupations. Le syst\u00e8me \u00e0 double lame s\u00e9lectionne, d\u00e9coupe et alimente automatiquement les produits dans l&rsquo;extracteur, vous lib\u00e9rant ainsi du temps pour d&rsquo;autres t\u00e2ches. Une ouverture circulaire dans le couvercle vous permet d&rsquo;ajouter facilement d&rsquo;autres ingr\u00e9dients sans devoir ouvrir l&rsquo;appareil.<\/td>\n<td style=\"padding-left: 20px;\" align=\"center\" width=\"300px !important\"><img fetchpriority=\"high\" decoding=\"async\" class=\"alignnone wp-image-33544 size-medium\" src=\"https:\/\/mlsfuhg7sobs.i.optimole.com\/cb:0KLq.257c9\/w:300\/h:240\/q:mauto\/f:best\/https:\/\/omjuicers.ch\/wp-content\/uploads\/2024\/03\/sana-878-self-feeding-1-300x240.jpg\" alt=\"\" width=\"300\" height=\"240\" \/><\/td>\n<\/tr>\n<\/tbody>\n<\/table>\n<h3>Conservation sous vide<\/h3>\n<table class=\"responsive-727\">\n<tbody>\n<tr class=\"reverse\">\n<td style=\"padding-right: 20px;\" align=\"center\" width=\"300px !important\"><img fetchpriority=\"high\" decoding=\"async\" class=\"alignnone wp-image-33552 size-medium\" src=\"https:\/\/mlsfuhg7sobs.i.optimole.com\/cb:0KLq.257c9\/w:300\/h:240\/q:mauto\/f:best\/https:\/\/omjuicers.ch\/wp-content\/uploads\/2024\/03\/sana-878-vacuum-container-300x240.jpg\" alt=\"\" width=\"300\" height=\"240\" \/><\/td>\n<td>Avec le Sana 878, vous recevez notre conteneur \u00e0 jus sous vide de 1500 ml. Ce syst\u00e8me permet de conserver votre jus frais et savoureux sans perte de nutriments due \u00e0 l&rsquo;oxydation pour une dur\u00e9e allant jusqu&rsquo;\u00e0 3 jours. Il suffit de fermer le conteneur avec son couvercle et d&rsquo;utiliser la pompe incluse pour \u00e9vacuer l&rsquo;air. Si votre routine inclut par exemple la consommation quotidienne de 500 ml de jus de c\u00e9leri, vous avez la possibilit\u00e9 de pr\u00e9parer votre jus pour aujourd&rsquo;hui et de mettre sous vide suffisamment de jus pour les trois jours suivants. Pourquoi pr\u00e9parer du jus tous les jours quand vous pouvez le faire seulement quelques fois par semaine ? Un calendrier int\u00e9gr\u00e9 au couvercle vous aide \u00e0 suivre la dur\u00e9e de conservation de votre jus.<\/td>\n<\/tr>\n<\/tbody>\n<\/table>\n<h3>R\u00e9cipient \u00e0 pulpe en acier inoxydable<\/h3>\n<table class=\"responsive-727\">\n<tbody>\n<tr>\n<td>Notre r\u00e9cipient \u00e0 pulpe en acier inoxydable de qualit\u00e9 alimentaire est non seulement esth\u00e9tique, mais il est \u00e9galement tr\u00e8s pratique. Premi\u00e8rement, il offre une capacit\u00e9 bien sup\u00e9rieure aux petits r\u00e9cipients \u00e0 pulpe en plastique fournis avec d&rsquo;autres extracteurs, ce qui \u00e9vite de trouver un r\u00e9cipient \u00e0 pulpe d\u00e9bordant \u00e0 la fin de l&rsquo;extraction. Deuxi\u00e8mement, si vous aimez conserver votre pulpe pour la r\u00e9utiliser dans la pr\u00e9paration de muffins, de g\u00e2teaux ou de crackers d\u00e9shydrat\u00e9s, l&rsquo;acier inoxydable de qualit\u00e9 alimentaire est le meilleur choix.<\/td>\n<td style=\"padding-left: 20px;\" align=\"center\" width=\"300px !important\"><img fetchpriority=\"high\" decoding=\"async\" class=\"alignnone wp-image-33528 size-medium\" src=\"https:\/\/mlsfuhg7sobs.i.optimole.com\/cb:0KLq.257c9\/w:300\/h:240\/q:mauto\/f:best\/https:\/\/omjuicers.ch\/wp-content\/uploads\/2024\/03\/sana-878-pulp-container-300x240.jpg\" alt=\"\" width=\"300\" height=\"240\" \/><\/td>\n<\/tr>\n<\/tbody>\n<\/table>\n<h3>Trois filtres pour une polyvalence accrue<\/h3>\n<table class=\"responsive-727\">\n<tbody>\n<tr class=\"reverse\">\n<td style=\"padding-right: 20px;\" align=\"center\" width=\"300px !important\"><img data-opt-src=\"https:\/\/mlsfuhg7sobs.i.optimole.com\/cb:0KLq.257c9\/w:300\/h:240\/q:mauto\/f:best\/https:\/\/omjuicers.ch\/wp-content\/uploads\/2024\/03\/sana-878-screen-300x240.jpg\"  decoding=\"async\" class=\"alignnone wp-image-33542 size-medium\" src=\"https:\/\/mlsfuhg7sobs.i.optimole.com\/cb:0KLq.257c9\/w:300\/h:240\/q:eco\/f:best\/https:\/\/omjuicers.ch\/wp-content\/uploads\/2024\/03\/sana-878-screen-300x240.jpg\" alt=\"\" width=\"300\" height=\"240\" \/><noscript><img decoding=\"async\" class=\"alignnone wp-image-33542 size-medium\" src=\"https:\/\/mlsfuhg7sobs.i.optimole.com\/cb:0KLq.257c9\/w:300\/h:240\/q:mauto\/f:best\/https:\/\/omjuicers.ch\/wp-content\/uploads\/2024\/03\/sana-878-screen-300x240.jpg\" alt=\"\" width=\"300\" height=\"240\" \/></noscript><\/td>\n<td>La plupart des extracteurs verticaux sont fournis avec un seul filtre. Le Sana 878 se distingue par sa polyvalence gr\u00e2ce \u00e0 trois filtres inclus :<\/p>\n<ul>\n<li><strong>Filtre \u00e0 jus fin<\/strong> : Con\u00e7u pour obtenir le meilleur rendement en jus pour la majorit\u00e9 des fruits et l\u00e9gumes. Des centaines de micro-perforations sur un filtre en acier inoxydable garantissent une pression d&rsquo;extraction optimale, pour un jus d&rsquo;une clart\u00e9 exceptionnelle.<\/li>\n<li><strong>Filtre \u00e0 jus grossier<\/strong> : Id\u00e9al pour des fruits plus tendres tels que l&rsquo;ananas, les baies et les pommes douces qui peuvent s&rsquo;obstruer dans un filtre \u00e0 jus fin, ce filtre poss\u00e8de de plus grandes ouvertures pour une pression r\u00e9duite et un jus plus fluide. Parfait si vous pr\u00e9f\u00e9rez un jus avec plus de pulpe.<\/li>\n<li><strong>Filtre \u00e0 sorbet<\/strong> : Permet de pr\u00e9parer un dessert riche en m\u00e9langeant des bananes congel\u00e9es avec des baies, des mangues, des fruits tropicaux, et plus encore. Cr\u00e9ez un sorbet onctueux avec des p\u00eaches congel\u00e9es. Transformez les baies en une glace congel\u00e9e exquise. Les possibilit\u00e9s sont infinies.<\/li>\n<\/ul>\n<\/td>\n<\/tr>\n<\/tbody>\n<\/table>\n<h3>Caract\u00e9ristiques principales<\/h3>\n<ul>\n<li><strong>Mode d&#8217;emploi disponible uniquement en anglais pour le moment !<\/strong><\/li>\n<li>Syst\u00e8me de jus auto-aliment\u00e9<\/li>\n<li>R\u00e9cipient d&rsquo;alimentation de haute capacit\u00e9 de 2000 ml<\/li>\n<li>Syst\u00e8me \u00e0 double lame pour trier, d\u00e9couper et alimenter les produits automatiquement<\/li>\n<li>Trois filtres pour une grande vari\u00e9t\u00e9 de produits, des fruits fermes aux fruits mous, en passant par le sorbet<\/li>\n<li>Extraction \u00e0 froid \u00e0 50 tours par minute<\/li>\n<li>Conteneur \u00e0 jus sous vide de 1500 ml avec pompe<\/li>\n<li>Moteur puissant mais silencieux de 200W<\/li>\n<li>R\u00e9cipient \u00e0 pulpe en acier inoxydable XL de qualit\u00e9 alimentaire<\/li>\n<li>Clapet \u00e0 jus pour faciliter le m\u00e9lange des jus<\/li>\n<li>Fabriqu\u00e9 en Cor\u00e9e du Sud \u00e0 partir de composants de qualit\u00e9 sup\u00e9rieure<\/li>\n<\/ul>\n<p>&nbsp;<\/p>\n<h3>En vid\u00e9o<\/h3>\n<p>Dans cette vid\u00e9o, le fabriquant nous pr\u00e9sente le Sana 878.<br \/>\n<iframe title=\"YouTube video player\" src=\"https:\/\/www.youtube.com\/embed\/_nrFQa2g2GU?si=FhlURILkN07Nzmsp\" width=\"560\" height=\"315\" frameborder=\"0\" allowfullscreen=\"allowfullscreen\"><\/iframe><\/p>\n","protected":false},"excerpt":{"rendered":"<p>Cet extracteur est v\u00e9ritablement con\u00e7u pour une op\u00e9ration \u00ab\u00a0pr\u00e9parez et continuez votre journ\u00e9e\u00a0\u00bb. Il suffit de remplir le r\u00e9cipient de 2 litres avec des ingr\u00e9dients, de d\u00e9marrer l&rsquo;extracteur et de vous consacrer \u00e0 vos autres activit\u00e9s. La conservation sous vide assure une fra\u00eecheur optimale de votre jus, en pr\u00e9servant ses valeurs nutritionnelles jusqu&rsquo;\u00e0 3 jours.<\/p>\n","protected":false},"featured_media":33056,"comment_status":"open","ping_status":"closed","template":"","meta":{"_acf_changed":false},"product_cat":[15,318,24],"product_tag":[296],"class_list":{"0":"post-33065","1":"product","2":"type-product","3":"status-publish","4":"has-post-thumbnail","6":"product_cat-extracteurs-de-jus","7":"product_cat-vertical","8":"product_cat-haut-de-gamme","9":"product_tag-sana-fr","10":"product_shipping_class-juicer","12":"first","13":"instock","14":"sale","15":"taxable","16":"shipping-taxable","17":"purchasable","18":"product-type-variable","19":"has-default-attributes"},"supplier_id":null,"supplier_sku":"","barcode":null,"atum_controlled":true,"out_stock_date":null,"out_stock_threshold":null,"inheritable":true,"inbound_stock":0,"stock_on_hold":0,"sold_today":0,"sales_last_days":0,"reserved_stock":0,"customer_returns":0,"warehouse_damage":null,"lost_in_post":null,"other_logs":null,"out_stock_days":0,"lost_sales":0,"has_location":false,"update_date":"2026-04-29T20:11:24","atum_locations":[],"atum_stock_status":"instock","restock_status":false,"low_stock_amount":"","sales_update_date":"2026-04-29T20:11:24","calc_backorders":null,"acf":{"hide_in_france":false},"_links":{"self":[{"href":"https:\/\/omjuicers.fr\/fr\/wp-json\/wp\/v2\/product\/33065"}],"collection":[{"href":"https:\/\/omjuicers.fr\/fr\/wp-json\/wp\/v2\/product"}],"about":[{"href":"https:\/\/omjuicers.fr\/fr\/wp-json\/wp\/v2\/types\/product"}],"replies":[{"embeddable":true,"href":"https:\/\/omjuicers.fr\/fr\/wp-json\/wp\/v2\/comments?post=33065"}],"wp:featuredmedia":[{"embeddable":true,"href":"https:\/\/omjuicers.fr\/fr\/wp-json\/wp\/v2\/media\/33056"}],"wp:attachment":[{"href":"https:\/\/omjuicers.fr\/fr\/wp-json\/wp\/v2\/media?parent=33065"}],"wp:term":[{"taxonomy":"product_cat","embeddable":true,"href":"https:\/\/omjuicers.fr\/fr\/wp-json\/wp\/v2\/product_cat?post=33065"},{"taxonomy":"product_tag","embeddable":true,"href":"https:\/\/omjuicers.fr\/fr\/wp-json\/wp\/v2\/product_tag?post=33065"}],"curies":[{"name":"wp","href":"https:\/\/api.w.org\/{rel}","templated":true}]}}